{"id":16,"date":"2017-06-22T11:47:07","date_gmt":"2017-06-22T09:47:07","guid":{"rendered":"http:\/\/www.jdi-europe.com\/?page_id=16"},"modified":"2023-02-28T16:16:12","modified_gmt":"2023-02-28T15:16:12","slug":"displays","status":"publish","type":"page","link":"https:\/\/www.jdi-europe.com\/de\/displays\/","title":{"rendered":"Displays: Automotive, Industry &#038; Medical"},"content":{"rendered":"<div class=\"wpb-content-wrapper\"><p>[vc_row parallax=&#8221;content-moving-fade&#8221;][vc_column][vc_custom_heading text=&#8221;1. Displays f\u00fcr Automotive&#8221; use_theme_fonts=&#8221;yes&#8221;][vc_separator color=&#8221;custom&#8221;][rev_slider_vc alias=&#8221;Produkte&#8221;][vc_empty_space height=&#8221;50px&#8221;][\/vc_column][\/vc_row][vc_row][vc_column][vc_column_text]<strong>Momentan werden Displays in Autos haupts\u00e4chlich in drei Formen verwendet: im CID (Center Information Display), im Cluster und als HUD (Head Up Display).<\/strong>[\/vc_column_text][vc_empty_space][vc_text_separator title=&#8221;CID: Center Information Display&#8221;][vc_empty_space][\/vc_column][\/vc_row][vc_row][vc_column width=&#8221;1\/3&#8243;][vc_single_image image=&#8221;384&#8243; img_size=&#8221;full&#8221;][\/vc_column][vc_column width=&#8221;1\/3&#8243;][vc_single_image image=&#8221;380&#8243; img_size=&#8221;full&#8221;][\/vc_column][vc_column width=&#8221;1\/3&#8243;][vc_single_image image=&#8221;398&#8243; img_size=&#8221;full&#8221;][\/vc_column][\/vc_row][vc_row][vc_column][vc_column_text]Die Bildschirme zwischen Fahrer und Beifahrer k\u00f6nnen je nach Bed\u00fcrfnis praktische Funktionen haben, oder auch als Entertainment-Zentrale dienen. Wichtige Informationen, die das Fahrverhalten verbessern (so wie Navi oder R\u00fcckfahrkamera) k\u00f6nnen dort ebenso angezeigt werden, wie Musikanlage, Fernsehen oder Internet.<\/p>\n<p>In modernen Autos kommt es immer mehr darauf an, dass das CID \u00e4sthetisch und funktionell ansprechend in das Auto integriert ist. Deswegen entwickelt JDI unter anderem gebogene (curved) Displays, die nahtlos mit dem Amaturenbrett verschmelzen.[\/vc_column_text][vc_empty_space][vc_text_separator title=&#8221;Cluster&#8221;][vc_empty_space][\/vc_column][\/vc_row][vc_row][vc_column width=&#8221;1\/3&#8243;][vc_single_image image=&#8221;400&#8243; img_size=&#8221;full&#8221;][\/vc_column][vc_column width=&#8221;1\/3&#8243;][vc_single_image image=&#8221;452&#8243; img_size=&#8221;full&#8221;][\/vc_column][vc_column width=&#8221;1\/3&#8243;][vc_single_image image=&#8221;390&#8243; img_size=&#8221;full&#8221;][\/vc_column][\/vc_row][vc_row][vc_column][vc_column_text]F\u00fcr die Informationen, die hinter dem Lenkrad angezeigt werden, werden immer mehr Displays verwendet. Auch hier sind die Displays direkt in das Amaturenbrett intergriert und zeigen Tacho, Benzinverbrauch und andere Informationen rund um das Auto in gestochen scharfen Bildern an.[\/vc_column_text][vc_empty_space][vc_text_separator title=&#8221;Head Up Display&#8221;][vc_empty_space][\/vc_column][\/vc_row][vc_row][vc_column width=&#8221;1\/3&#8243;][vc_single_image image=&#8221;394&#8243; img_size=&#8221;full&#8221;][\/vc_column][vc_column width=&#8221;1\/3&#8243;][vc_single_image image=&#8221;454&#8243; img_size=&#8221;full&#8221;][\/vc_column][vc_column width=&#8221;1\/3&#8243;][\/vc_column][\/vc_row][vc_row][vc_column][vc_column_text]Die Bilder aus diesen nur ein paar Zentimeter gro\u00dfen Displays werden in die Windschutzscheibe gespiegelt und liefern dem Fahrer Verkehrsinformationen, ohne dass er den Blick von der Stra\u00dfe wenden muss. Ein St\u00fcck virtuelle Realit\u00e4t, durch das wichtige Informationen direkt an den Fahrer weitergegeben werden.[\/vc_column_text][vc_empty_space][vc_text_separator title=&#8221;Die Zukunft von Displays&#8221;][vc_empty_space][\/vc_column][\/vc_row][vc_row][vc_column width=&#8221;1\/3&#8243;][vc_single_image image=&#8221;396&#8243; img_size=&#8221;full&#8221;][vc_single_image image=&#8221;388&#8243; img_size=&#8221;full&#8221;][\/vc_column][vc_column width=&#8221;1\/3&#8243;][vc_single_image image=&#8221;378&#8243; img_size=&#8221;full&#8221;][vc_single_image image=&#8221;376&#8243; img_size=&#8221;full&#8221;][\/vc_column][vc_column width=&#8221;1\/3&#8243;][vc_single_image image=&#8221;374&#8243; img_size=&#8221;full&#8221;][\/vc_column][\/vc_row][vc_row][vc_column]\r\n    <div class=\"fekra-divider\">\r\r\n        <div class=\"divider-line1\"><\/div>\r\n    <\/div>\r\r\n    [\/vc_column][\/vc_row][vc_row][vc_column][vc_empty_space][vc_custom_heading text=&#8221;2. Medical Displays&#8221; font_container=&#8221;tag:h3|text_align:left&#8221; use_theme_fonts=&#8221;yes&#8221;][vc_separator color=&#8221;custom&#8221;][vc_column_text]<strong>Displays f\u00fcr medizinische Anwendungen<br \/>\n<\/strong><\/p>\n<p>Displays, die f\u00fcr die Feststellung von Diagnosen verwendet werden ben\u00f6tigen<\/p>\n<ul>\n<li>h\u00f6here Aufl\u00f6sung,<\/li>\n<li>h\u00f6heren Kontrast,<\/li>\n<li>exzellente Graustufen und<\/li>\n<li>hellere und widerstandsf\u00e4higere Hintergrundbeleuchtung.<\/li>\n<\/ul>\n<p>Wir haben ein brandneues, hochaufl\u00f6sendes (5 mega-pixel), monochromes TFT Display entwickelt (21,3\u201c), welches unsere fortschrittlichste IPS und LTPS-Technologie vereint, um den gestiegenen Anforderungen des medizinischen Marktes zu entsprechen. (<a href=\"http:\/\/www.j-display.com\/english\/news\/2017\/20170807.html\" target=\"_blank\" rel=\"noopener\">Lesen Sie hier unsere Pressemitteilung auf Englisch.<\/a>)<\/p>\n<p>Mit Hilfe unserer bahnbrechenden LTPS-Technologie planen wir den weiteren Ausbau unseres Medical Display Angebots.[\/vc_column_text][\/vc_column][\/vc_row][vc_row][vc_column width=&#8221;1\/3&#8243;][vc_single_image image=&#8221;467&#8243; img_size=&#8221;full&#8221;][\/vc_column][vc_column width=&#8221;1\/3&#8243;][\/vc_column][vc_column width=&#8221;1\/3&#8243;][\/vc_column][\/vc_row][vc_row][vc_column][vc_empty_space][\/vc_column][\/vc_row][vc_row][vc_column]\r\n    <div class=\"fekra-divider\">\r\r\n        <div class=\"divider-line1\"><\/div>\r\n    <\/div>\r\r\n    [vc_column_text]<strong>Haben wir Ihr Interesse geweckt? Haben Sie eigene Ideen?<br \/>\n<\/strong>Bitte kontaktieren Sie uns\u00a0<a href=\"https:\/\/www.jdi-europe.com\/de\/kontakt\/\">hier.<\/a>[\/vc_column_text][\/vc_column][\/vc_row]<\/p>\n<\/div>","protected":false},"excerpt":{"rendered":"<p>[vc_row parallax=&#8221;content-moving-fade&#8221;][vc_column][vc_custom_heading text=&#8221;1. Displays f\u00fcr Automotive&#8221; use_theme_fonts=&#8221;yes&#8221;][vc_separator color=&#8221;custom&#8221;][rev_slider_vc alias=&#8221;Produkte&#8221;][vc_empty_space height=&#8221;50px&#8221;][\/vc_column][\/vc_row][vc_row][vc_column][vc_column_text]Momentan werden Displays in Autos haupts\u00e4chlich in drei Formen verwendet: im CID (Center Information Display), im Cluster und als HUD (Head Up Display).[\/vc_column_text][vc_empty_space][vc_text_separator title=&#8221;CID: Center Information Display&#8221;][vc_empty_space][\/vc_column][\/vc_row][vc_row][vc_column width=&#8221;1\/3&#8243;][vc_single_image image=&#8221;384&#8243; img_size=&#8221;full&#8221;][\/vc_column][vc_column width=&#8221;1\/3&#8243;][vc_single_image image=&#8221;380&#8243; img_size=&#8221;full&#8221;][\/vc_column][vc_column width=&#8221;1\/3&#8243;][vc_single_image image=&#8221;398&#8243; img_size=&#8221;full&#8221;][\/vc_column][\/vc_row][vc_row][vc_column][vc_column_text]Die Bildschirme zwischen Fahrer und Beifahrer k\u00f6nnen je nach Bed\u00fcrfnis praktische [&hellip;]<\/p>\n","protected":false},"author":2,"featured_media":0,"parent":0,"menu_order":0,"comment_status":"closed","ping_status":"closed","template":"","meta":{"footnotes":""},"class_list":["post-16","page","type-page","status-publish","hentry"],"yoast_head":"<!-- This site is optimized with the Yoast SEO plugin v26.1.1 - https:\/\/yoast.com\/wordpress\/plugins\/seo\/ -->\n<title>Die Displays der Gegenwart und Zukunft<\/title>\n<meta name=\"description\" content=\"Entdecken Sie unsere high-end Displays f\u00fcr Automotive, Wearables, Armbanduhren und Sportuhren und Industrie. Innovative L\u00f6sungen...\" \/>\n<meta name=\"robots\" content=\"index, follow, max-snippet:-1, max-image-preview:large, max-video-preview:-1\" \/>\n<link rel=\"canonical\" href=\"https:\/\/www.jdi-europe.com\/de\/displays\/\" \/>\n<meta property=\"og:locale\" content=\"de_DE\" \/>\n<meta property=\"og:type\" content=\"article\" \/>\n<meta property=\"og:title\" content=\"Die Displays der Gegenwart und Zukunft\" \/>\n<meta property=\"og:description\" content=\"Entdecken Sie unsere high-end Displays f\u00fcr Automotive, Wearables, Armbanduhren und Sportuhren und Industrie. Innovative L\u00f6sungen...\" \/>\n<meta property=\"og:url\" content=\"https:\/\/www.jdi-europe.com\/de\/displays\/\" \/>\n<meta property=\"og:site_name\" content=\"JDI Europe GmbH\" \/>\n<meta property=\"article:modified_time\" content=\"2023-02-28T15:16:12+00:00\" \/>\n<meta name=\"twitter:card\" content=\"summary_large_image\" \/>\n<meta name=\"twitter:label1\" content=\"Gesch\u00e4tzte Lesezeit\" \/>\n\t<meta name=\"twitter:data1\" content=\"2\u00a0Minuten\" \/>\n<script type=\"application\/ld+json\" class=\"yoast-schema-graph\">{\"@context\":\"https:\/\/schema.org\",\"@graph\":[{\"@type\":\"WebPage\",\"@id\":\"https:\/\/www.jdi-europe.com\/de\/displays\/\",\"url\":\"https:\/\/www.jdi-europe.com\/de\/displays\/\",\"name\":\"Die Displays der Gegenwart und Zukunft\",\"isPartOf\":{\"@id\":\"https:\/\/www.jdi-europe.com\/en\/#website\"},\"datePublished\":\"2017-06-22T09:47:07+00:00\",\"dateModified\":\"2023-02-28T15:16:12+00:00\",\"description\":\"Entdecken Sie unsere high-end Displays f\u00fcr Automotive, Wearables, Armbanduhren und Sportuhren und Industrie. Innovative L\u00f6sungen...\",\"breadcrumb\":{\"@id\":\"https:\/\/www.jdi-europe.com\/de\/displays\/#breadcrumb\"},\"inLanguage\":\"de\",\"potentialAction\":[{\"@type\":\"ReadAction\",\"target\":[\"https:\/\/www.jdi-europe.com\/de\/displays\/\"]}]},{\"@type\":\"BreadcrumbList\",\"@id\":\"https:\/\/www.jdi-europe.com\/de\/displays\/#breadcrumb\",\"itemListElement\":[{\"@type\":\"ListItem\",\"position\":1,\"name\":\"Startseite\",\"item\":\"https:\/\/www.jdi-europe.com\/de\/\"},{\"@type\":\"ListItem\",\"position\":2,\"name\":\"Displays: Automotive, Industry &#038; Medical\"}]},{\"@type\":\"WebSite\",\"@id\":\"https:\/\/www.jdi-europe.com\/en\/#website\",\"url\":\"https:\/\/www.jdi-europe.com\/en\/\",\"name\":\"JDI Europe GmbH\",\"description\":\"High-end automotive displays\",\"potentialAction\":[{\"@type\":\"SearchAction\",\"target\":{\"@type\":\"EntryPoint\",\"urlTemplate\":\"https:\/\/www.jdi-europe.com\/en\/?s={search_term_string}\"},\"query-input\":{\"@type\":\"PropertyValueSpecification\",\"valueRequired\":true,\"valueName\":\"search_term_string\"}}],\"inLanguage\":\"de\"}]}<\/script>\n<!-- \/ Yoast SEO plugin. -->","yoast_head_json":{"title":"Die Displays der Gegenwart und Zukunft","description":"Entdecken Sie unsere high-end Displays f\u00fcr Automotive, Wearables, Armbanduhren und Sportuhren und Industrie. Innovative L\u00f6sungen...","robots":{"index":"index","follow":"follow","max-snippet":"max-snippet:-1","max-image-preview":"max-image-preview:large","max-video-preview":"max-video-preview:-1"},"canonical":"https:\/\/www.jdi-europe.com\/de\/displays\/","og_locale":"de_DE","og_type":"article","og_title":"Die Displays der Gegenwart und Zukunft","og_description":"Entdecken Sie unsere high-end Displays f\u00fcr Automotive, Wearables, Armbanduhren und Sportuhren und Industrie. Innovative L\u00f6sungen...","og_url":"https:\/\/www.jdi-europe.com\/de\/displays\/","og_site_name":"JDI Europe GmbH","article_modified_time":"2023-02-28T15:16:12+00:00","twitter_card":"summary_large_image","twitter_misc":{"Gesch\u00e4tzte Lesezeit":"2\u00a0Minuten"},"schema":{"@context":"https:\/\/schema.org","@graph":[{"@type":"WebPage","@id":"https:\/\/www.jdi-europe.com\/de\/displays\/","url":"https:\/\/www.jdi-europe.com\/de\/displays\/","name":"Die Displays der Gegenwart und Zukunft","isPartOf":{"@id":"https:\/\/www.jdi-europe.com\/en\/#website"},"datePublished":"2017-06-22T09:47:07+00:00","dateModified":"2023-02-28T15:16:12+00:00","description":"Entdecken Sie unsere high-end Displays f\u00fcr Automotive, Wearables, Armbanduhren und Sportuhren und Industrie. Innovative L\u00f6sungen...","breadcrumb":{"@id":"https:\/\/www.jdi-europe.com\/de\/displays\/#breadcrumb"},"inLanguage":"de","potentialAction":[{"@type":"ReadAction","target":["https:\/\/www.jdi-europe.com\/de\/displays\/"]}]},{"@type":"BreadcrumbList","@id":"https:\/\/www.jdi-europe.com\/de\/displays\/#breadcrumb","itemListElement":[{"@type":"ListItem","position":1,"name":"Startseite","item":"https:\/\/www.jdi-europe.com\/de\/"},{"@type":"ListItem","position":2,"name":"Displays: Automotive, Industry &#038; Medical"}]},{"@type":"WebSite","@id":"https:\/\/www.jdi-europe.com\/en\/#website","url":"https:\/\/www.jdi-europe.com\/en\/","name":"JDI Europe GmbH","description":"High-end automotive displays","potentialAction":[{"@type":"SearchAction","target":{"@type":"EntryPoint","urlTemplate":"https:\/\/www.jdi-europe.com\/en\/?s={search_term_string}"},"query-input":{"@type":"PropertyValueSpecification","valueRequired":true,"valueName":"search_term_string"}}],"inLanguage":"de"}]}},"_links":{"self":[{"href":"https:\/\/www.jdi-europe.com\/de\/wp-json\/wp\/v2\/pages\/16","targetHints":{"allow":["GET"]}}],"collection":[{"href":"https:\/\/www.jdi-europe.com\/de\/wp-json\/wp\/v2\/pages"}],"about":[{"href":"https:\/\/www.jdi-europe.com\/de\/wp-json\/wp\/v2\/types\/page"}],"author":[{"embeddable":true,"href":"https:\/\/www.jdi-europe.com\/de\/wp-json\/wp\/v2\/users\/2"}],"replies":[{"embeddable":true,"href":"https:\/\/www.jdi-europe.com\/de\/wp-json\/wp\/v2\/comments?post=16"}],"version-history":[{"count":57,"href":"https:\/\/www.jdi-europe.com\/de\/wp-json\/wp\/v2\/pages\/16\/revisions"}],"predecessor-version":[{"id":1108,"href":"https:\/\/www.jdi-europe.com\/de\/wp-json\/wp\/v2\/pages\/16\/revisions\/1108"}],"wp:attachment":[{"href":"https:\/\/www.jdi-europe.com\/de\/wp-json\/wp\/v2\/media?parent=16"}],"curies":[{"name":"wp","href":"https:\/\/api.w.org\/{rel}","templated":true}]}}