{"id":18,"date":"2017-06-22T11:47:21","date_gmt":"2017-06-22T09:47:21","guid":{"rendered":"http:\/\/www.jdi-europe.com\/?page_id=18"},"modified":"2026-03-19T17:13:06","modified_gmt":"2026-03-19T16:13:06","slug":"events","status":"publish","type":"page","link":"https:\/\/www.jdi-europe.com\/de\/events\/","title":{"rendered":"News\/Events"},"content":{"rendered":"<div class=\"wpb-content-wrapper\"><p>[vc_row 0=&#8221;&#8221;][vc_column][vc_separator border_width=&#8221;10&#8243;][vc_custom_heading text=&#8221;News&#8221; font_container=&#8221;tag:h2|font_size:45|text_align:center&#8221; use_theme_fonts=&#8221;yes&#8221;][vc_separator border_width=&#8221;10&#8243;][\/vc_column][\/vc_row][vc_row 0=&#8221;&#8221;][vc_column][vc_custom_heading text=&#8221;JDI und Kymeta schlie\u00dfen Partnerschaft f\u00fcr Satellitenkommunikation der n\u00e4chsten Generation&#8221; font_container=&#8221;tag:h2|font_size:30|text_align:center&#8221; use_theme_fonts=&#8221;yes&#8221; css=&#8221;&#8221;][vc_empty_space 0=&#8221;&#8221;][vc_single_image image=&#8221;1397&#8243; img_size=&#8221;large&#8221; alignment=&#8221;center&#8221; css=&#8221;&#8221;][vc_empty_space 0=&#8221;&#8221;][vc_column_text css=&#8221;&#8221;]<\/p>\n<div>\n<p>Japan Display Inc. (JDI) ist eine strategische Partnerschaft mit <strong>Kymeta<\/strong>, einem globalen Marktf\u00fchrer f\u00fcr satellitengest\u00fctzte Kommunikation auf Basis von Metamaterialien, eingegangen. Ziel der Zusammenarbeit ist die Entwicklung und Serienfertigung von <strong>Glas-Substraten f\u00fcr neuartige Multi\u2011Band\u2011Metasurface\u2011Antennen<\/strong>. Durch die Kombination von JDI\u2019s fortschrittlicher <strong>TFT\u2011 und Glas\u2011Fertigungstechnologie<\/strong> entstehen flache Hochleistungsantennen mit <strong>gleichzeitiger Ku\u2011 und Ka\u2011Band\u2011Unterst\u00fctzung<\/strong>.<\/p>\n<p>Die Technologie bietet erhebliche Vorteile in Bezug auf <strong>Gr\u00f6\u00dfe, Gewicht, Energieeffizienz und Kosten<\/strong> und erm\u00f6glicht schnelle Strahlumschaltung sowie nahtlose Konnektivit\u00e4t \u00fcber verschiedene Satellitennetze hinweg. Erste Anwendungen richten sich an den <strong>Verteidigungsbereich<\/strong>, eine sp\u00e4tere kommerzielle Nutzung ist vorgesehen.<\/p>\n<p>Die Kooperation unterstreicht JDI\u2019s <strong>BEYOND DISPLAY\u2011Strategie<\/strong>, mit der bew\u00e4hrte Display\u2011Kernkompetenzen gezielt auf neue M\u00e4rkte wie <strong>moderne Kommunikations\u2011 und Satelliteninfrastrukturen<\/strong> \u00fcbertragen werden.<\/p>\n<p><em>Die vollst\u00e4ndige Pressemitteilung finden Sie <a href=\"https:\/\/www.j-display.com\/en\/news\/release\/detail\/20260202165954.html\" target=\"_blank\" rel=\"noopener\">hier<\/a><\/em><\/p>\n<\/div>\n<p>[\/vc_column_text][vc_empty_space 0=&#8221;&#8221;][\/vc_column][\/vc_row][vc_row 0=&#8221;&#8221;][vc_column][vc_custom_heading text=&#8221;JDI Europe als Aussteller bei der Light + Building 2026&#8243; font_container=&#8221;tag:h2|font_size:30|text_align:center&#8221; use_theme_fonts=&#8221;yes&#8221; css=&#8221;&#8221;][vc_empty_space 0=&#8221;&#8221;][vc_column_text css=&#8221;&#8221;]<\/p>\n<p style=\"text-align: center;\">Wir freuen uns darauf, Ihnen unsere LumiFree-Beleuchtungstechnologie auf unserem Stand G039 in Halle 8 zu pr\u00e4sentieren.<\/p>\n<p>[\/vc_column_text][vc_single_image image=&#8221;1376&#8243; img_size=&#8221;medium&#8221; alignment=&#8221;center&#8221; css=&#8221;&#8221;][vc_empty_space 0=&#8221;&#8221;][vc_empty_space 0=&#8221;&#8221;][\/vc_column][\/vc_row][vc_row 0=&#8221;&#8221;][vc_column][vc_custom_heading text=&#8221;JDI Europe GmbH beim B2Run M\u00fcnchen 2025! \ud83c\udfc3\u200d\u2642\ufe0f\ud83c\udf27\ufe0f&#8221; font_container=&#8221;tag:h2|font_size:30|text_align:center&#8221; use_theme_fonts=&#8221;yes&#8221;][vc_gallery interval=&#8221;3&#8243; images=&#8221;1334,1338,1336&#8243; img_size=&#8221;large&#8221; onclick=&#8221;&#8221;][vc_column_text]<\/p>\n<p style=\"text-align: center;\">Gestern fand unser allererster Firmenlauf statt \u2013 und was f\u00fcr ein unvergessliches Erlebnis das war!<\/p>\n<p style=\"text-align: center;\">Trotz des pl\u00f6tzlichen, heftigen Regens, hat unser Team mit gro\u00dfartiger Energie und guter Laune durchgehalten. Ich bin unglaublich stolz auf alle Kolleginnen und Kollegen, die sich dieser Herausforderung gestellt und den Abend zu einem besonderen Erlebnis gemacht haben.<\/p>\n<p style=\"text-align: center;\">Ein gro\u00dfes Dankesch\u00f6n an alle Mitl\u00e4uferinnen und Mitl\u00e4ufer \u2013 f\u00fcr diesen sch\u00f6nen Abend und das gemeinsame Schaffen einer tollen Erinnerung. \ud83d\udcaa\ud83d\ude0a<\/p>\n<p>[\/vc_column_text][vc_empty_space 0=&#8221;&#8221;][\/vc_column][\/vc_row][vc_row 0=&#8221;&#8221;][vc_column][vc_custom_heading text=&#8221;\ud83c\udf0d Die Zukunft des nachhaltigen Verkehrs gestalten \ud83d\ude86\u2728<br \/>\nJDIT-K pr\u00e4sentiert stolz seine neue Generation EN50155-zertifizierter TFT-Displays&#8221; font_container=&#8221;tag:h2|font_size:30|text_align:center&#8221; use_theme_fonts=&#8221;yes&#8221;][vc_empty_space 0=&#8221;&#8221;][vc_column_text]<\/p>\n<p style=\"text-align: center;\">Ob bei eisiger K\u00e4lte von -40\u00b0C oder gl\u00fchender Hitze bis 90\u00b0C \u2013 diese Displays liefern <strong>brillante Bildqualit\u00e4t<\/strong>, <strong>robuste Zuverl\u00e4ssigkeit<\/strong> und <strong>dauerhafte Leistung<\/strong> \u2013 und unterst\u00fctzen gleichzeitig den weltweiten Wandel hin zu <strong>umweltfreundlicher und ressourcenschonender Mobilit\u00e4t<\/strong>.<\/p>\n<p style=\"text-align: center;\">Ob U-Bahn oder Hochgeschwindigkeitszug \u2013 JDIT-K sorgt daf\u00fcr, dass Fahrg\u00e4ste <strong>sicher, smart und nachhaltig<\/strong> informiert bleiben.<\/p>\n<p style=\"text-align: center;\">\ud83d\udd27 Gebaut f\u00fcr extreme Bedingungen.<br \/>\n\ud83c\udf31 Entwickelt mit Verantwortung.<br \/>\n\ud83d\ude89 Bereit f\u00fcr den Schienenverkehr.<\/p>\n<p style=\"text-align: center;\"><strong>JDIT-K \u2013 Innovation auf Schiene.<\/strong><\/p>\n<p>[\/vc_column_text][vc_single_image image=&#8221;1255&#8243; img_size=&#8221;large&#8221; alignment=&#8221;center&#8221;][vc_empty_space 0=&#8221;&#8221;][vc_column_text]<\/p>\n<p style=\"text-align: center;\">Link zur <a href=\"https:\/\/www.jditk-j-display.com\/index.php?option=newproduct&amp;task=showpage&amp;id=53\" target=\"_blank\" rel=\"noopener\">JDIT-K Homepage<\/a><\/p>\n<p style=\"text-align: center;\">F\u00fcr Anfragen kontaktieren Sie bitte unser <a href=\"mailto:jdie.sales.zz@j-display.com\" target=\"_blank\" rel=\"noopener\">JDIE Sales Team<\/a><\/p>\n<p>[\/vc_column_text][\/vc_column][\/vc_row][vc_row 0=&#8221;&#8221;][vc_column][vc_separator border_width=&#8221;10&#8243;][vc_custom_heading text=&#8221;Produkte &amp; Technologien&#8221; font_container=&#8221;tag:h2|text_align:center&#8221; use_theme_fonts=&#8221;yes&#8221;][vc_separator border_width=&#8221;10&#8243;][\/vc_column][\/vc_row][vc_row][vc_column width=&#8221;1\/2&#8243;][vc_empty_space 0=&#8221;&#8221;]\r\n    <div class=\"fekra-box-image archi-columns decoration\">\r\r\n        \r\n        <div data-delay=\"100\" data-animate=\"fadeInUp\" class=\"coll fadeInUp animated\">\r\r\n            \r\n            <div class=\"block\">\r\r\n                <h2><a href=\"https:\/\/www.j-display.com\/en\/product_tech\/zinnsia.html\" target=\"_blank\">Zinnsia<\/a><\/h2>\r\r\n                <div class=\"margin-bottom-23\"><p>(Fast) Alles kann zum Touch Panel werden!<\/p>\n<p>Lesen Sie den aktuellen News Release von JDI auf Englisch<\/p>\n<\/div>\r\r\n                <a href=\"https:\/\/www.j-display.com\/en\/product_tech\/zinnsia.html\" class=\"more\" target=\"_blank\"><i class=\"fa fa-angle-double-right\"><\/i><\/a>\r\r\n            \r\n            <\/div>\r\r\n        <\/div>\r\r\n        \r\n    <\/div>\r\r\n    [\/vc_column][vc_column width=&#8221;1\/2&#8243;][vc_empty_space 0=&#8221;&#8221;]\r\n    <div class=\"fekra-box-image archi-columns decoration\">\r\r\n        \r\n        <div data-delay=\"100\" data-animate=\"fadeInUp\" class=\"coll fadeInUp animated\">\r\r\n            \r\n            <div class=\"block\">\r\r\n                <h2><a href=\"https:\/\/www.j-display.com\/en\/product_tech\/raelclear.html\" target=\"_blank\">Transparent Display<\/a><\/h2>\r\r\n                <div class=\"margin-bottom-23\"><p>Lesen Sie den aktuellen News Release von JDI auf Englisch<\/p>\n<\/div>\r\r\n                <a href=\"https:\/\/www.j-display.com\/en\/product_tech\/raelclear.html\" class=\"more\" target=\"_blank\"><i class=\"fa fa-angle-double-right\"><\/i><\/a>\r\r\n            \r\n            <\/div>\r\r\n        <\/div>\r\r\n        \r\n    <\/div>\r\r\n    [\/vc_column][\/vc_row][vc_row 0=&#8221;&#8221;][vc_column width=&#8221;1\/2&#8243;][vc_empty_space 0=&#8221;&#8221;]\r\n    <div class=\"fekra-box-image archi-columns decoration\">\r\r\n        \r\n        <div data-delay=\"100\" data-animate=\"fadeInUp\" class=\"coll fadeInUp animated\">\r\r\n            \r\n            <div class=\"block\">\r\r\n                <h2><a href=\"https:\/\/www.j-display.com\/en\/product_tech\/lumifree.html\" target=\"_blank\">LumiFree<\/a><\/h2>\r\r\n                <div class=\"margin-bottom-23\"><p>Die Beleuchtungsrevolution!<\/p>\n<p>Lesen Sie den aktuellen News Release von JDI auf Englisch<\/p>\n<\/div>\r\r\n                <a href=\"https:\/\/www.j-display.com\/en\/product_tech\/lumifree.html\" class=\"more\" target=\"_blank\"><i class=\"fa fa-angle-double-right\"><\/i><\/a>\r\r\n            \r\n            <\/div>\r\r\n        <\/div>\r\r\n        \r\n    <\/div>\r\r\n    [\/vc_column][vc_column width=&#8221;1\/2&#8243;][vc_empty_space 0=&#8221;&#8221;]\r\n    <div class=\"fekra-box-image archi-columns decoration\">\r\r\n        \r\n        <div data-delay=\"100\" data-animate=\"fadeInUp\" class=\"coll fadeInUp animated\">\r\r\n            \r\n            <div class=\"block\">\r\r\n                <h2><a href=\"https:\/\/www.j-display.com\/en\/product_tech\/medical.html\" target=\"_blank\">Displays f\u00fcr Medizintechnik \/ Industrial Use<\/a><\/h2>\r\r\n                <div class=\"margin-bottom-23\"><p>Lesen Sie den aktuellen News Release von JDI auf Englisch<\/p>\n<\/div>\r\r\n                <a href=\"https:\/\/www.j-display.com\/en\/product_tech\/medical.html\" class=\"more\" target=\"_blank\"><i class=\"fa fa-angle-double-right\"><\/i><\/a>\r\r\n            \r\n            <\/div>\r\r\n        <\/div>\r\r\n        \r\n    <\/div>\r\r\n    [\/vc_column][\/vc_row][vc_row 0=&#8221;&#8221;][vc_column][vc_separator border_width=&#8221;10&#8243;][vc_custom_heading text=&#8221;\u00c4ltere Nachrichten&#8221; font_container=&#8221;tag:h2|text_align:center&#8221; use_theme_fonts=&#8221;yes&#8221;][vc_separator border_width=&#8221;10&#8243;][\/vc_column][\/vc_row][vc_row 0=&#8221;&#8221;][vc_column][vc_custom_heading text=&#8221;Japan Display auf dem Mobile World Congress in Barcelona!&#8221; font_container=&#8221;tag:h2|font_size:30|text_align:center&#8221; use_theme_fonts=&#8221;yes&#8221;][vc_empty_space 0=&#8221;&#8221;][vc_column_text]<\/p>\n<ul>\n<li>JDI wird seine Liquid Crystal (LC) Meta-Surface-Reflektortechnologie auf dem JAPAN Pavilion w\u00e4hrend des MWC Barcelona 2025 ausstellen.<\/li>\n<li>Veranstaltungstermine: 3. bis 6. M\u00e4rz 2025 in Barcelona, Spanien.<\/li>\n<li>MWC Barcelona 2025: F\u00fchrende internationale Veranstaltung der mobilen Konnektivit\u00e4tsbranche.<\/li>\n<li>Ziel: Erweiterung der globalen Reichweite der LC Meta-Surface-Reflektoren.<\/li>\n<\/ul>\n<p>[\/vc_column_text][vc_column_text]Weitere Informationen finden Sie unter folgenden Links:<\/p>\n<p><a href=\"https:\/\/www.j-display.com\/news\/news_file\/file\/250221_mwc2025_en_1.pdf\" target=\"_blank\" rel=\"noopener\">JDI News Portal<\/a><\/p>\n<p><a href=\"https:\/\/www.j-display.com\/en\/product_tech\/mmwreflector.html\" target=\"_blank\" rel=\"noopener\">JDI Website<\/a><\/p>\n<p><a href=\"https:\/\/www.youtube.com\/watch?v=ZusB26qh5nE\" target=\"_blank\" rel=\"noopener\">Video auf Youtube<\/a>[\/vc_column_text][vc_single_image image=&#8221;1240&#8243; img_size=&#8221;full&#8221; alignment=&#8221;center&#8221;][vc_empty_space 0=&#8221;&#8221;][\/vc_column][\/vc_row][vc_row 0=&#8221;&#8221;][vc_column][vc_single_image image=&#8221;1235&#8243; img_size=&#8221;full&#8221; alignment=&#8221;center&#8221;][vc_empty_space 0=&#8221;&#8221;][\/vc_column][\/vc_row][vc_row 0=&#8221;&#8221;][vc_column][vc_custom_heading text=&#8221;Innolux, CarUX und JDI starten strategische eLEAP Allianz&#8221; font_container=&#8221;tag:h1|text_align:center&#8221; use_theme_fonts=&#8221;yes&#8221;][vc_empty_space 0=&#8221;&#8221;][vc_column_text]<\/p>\n<div class=\"lRu31\" dir=\"ltr\">\n<div class=\"lRu31\" dir=\"ltr\">\n<p><span class=\"HwtZe\" lang=\"de\"><span class=\"jCAhz ChMk0b\"><span class=\"ryNqvb\">JDIE und das gesamte Team freuen auf die spannende Zusammenarbeit zwischen Japan Display Inc. und Innolux.<\/span><\/span> <span class=\"jCAhz ChMk0b\"><span class=\"ryNqvb\">Diese strategische Allianz ist ein bedeutender Schritt vorw\u00e4rts auf unserem Weg zu neuen technologischen H\u00f6henfl\u00fcgen.<\/span><\/span><\/span><\/p>\n<div class=\"OvtS8d\"><\/div>\n<div id=\"ow15\"><\/div>\n<\/div>\n<div class=\"UdTY9 WdefRb\" aria-hidden=\"true\" data-location=\"2\"><\/div>\n<\/div>\n<p>[\/vc_column_text][\/vc_column][\/vc_row][vc_row 0=&#8221;&#8221;][vc_column 0=&#8221;&#8221;][vc_custom_heading text=&#8221;Bosch pr\u00e4miert beste Lieferanten:<br \/>\n\u201eBosch Global Supplier Award\u201c f\u00fcr Japan Display Inc.&#8221; font_container=&#8221;tag:h2|text_align:center&#8221; use_theme_fonts=&#8221;yes&#8221;][vc_empty_space 0=&#8221;&#8221;]\r\n    <div class=\"fekra-blockquote\">\r\r\n    \r\n            <blockquote class=\"blockquote-style1\" style=\"background-color:#f3f3f3\"><q><p><span style=\"font-weight: 400;\">Die Bosch-Gruppe hat weltweit rund 43 000 Lieferanten. Die Preistr\u00e4ger des Bosch Global Supplier Award z\u00e4hlen zu den besten unter ihnen.\u201c<\/span><\/p>\n<\/q><\/blockquote>\r\r\n            \r\n    <\/div>\r\r\n    [vc_column_text]<\/p>\n<p style=\"text-align: right;\">Andreas Reutter, Leiter Supply Chain Management der Robert Bosch GmbH<\/p>\n<p>[\/vc_column_text][vc_empty_space 0=&#8221;&#8221;][vc_single_image image=&#8221;880&#8243; img_size=&#8221;large&#8221; alignment=&#8221;center&#8221; style=&#8221;vc_box_border&#8221;][vc_column_text]<\/p>\n<p style=\"text-align: center;\">Katsuhisa Yuda, President, Automotive and Industrial Company (2. von rechts) und<\/p>\n<p style=\"text-align: center;\">Oliver Burscher, Gesch\u00e4ftsf\u00fchrer bei der JDI Europe GmbH (Mitte) freuen sich den Award entgegen zu nehmen<\/p>\n<p>[\/vc_column_text][vc_empty_space 0=&#8221;&#8221;][vc_column_text]<\/p>\n<p style=\"text-align: left;\"><span style=\"font-weight: 400;\"><strong>Japan Display Inc.<\/strong> erhielt von Bosch die Auszeichnung \u201e<a href=\"https:\/\/www.bosch-presse.de\/pressportal\/de\/de\/bosch-baut-digitale-lieferketten-weiter-aus-193856.html\">Bosch Global Supplier Award<\/a>\u201c und z\u00e4hlt damit zu den <strong>weltweit besten Lieferanten<\/strong> des Technologie- und Dienstleistungsunternehmens. Japan Display Inc.<\/span><span style=\"font-weight: 400;\"> bekam die Auszeichnung in der Kategorie &#8220;Innovation&#8221; f\u00fcr ein gebogenes Display f\u00fcr das Instrumentencluster im Auto: Es bietet trotz gleicher Abmessungen ein gr\u00f6\u00dferes Anzeigenfeld als das Vorg\u00e4ngermodell.<\/span><\/p>\n<p style=\"text-align: left;\"><span style=\"font-weight: 400;\"> Von seinen rund 43 000 Zulieferern hat Bosch 47 Lieferanten aus 15 L\u00e4ndern pr\u00e4miert. Die Bosch-Gruppe w\u00fcrdigt damit bereits zum 16. Mal \u00fcberdurchschnittliche Leistungen bei der Herstellung und Lieferung von Produkten oder Dienstleistungen \u2013 insbesondere hinsichtlich Qualit\u00e4t, Kosten, Innovationen und Logistik. Dieses Mal fand die Preisverleihung in Blaichach statt und stand unter dem Motto \u201eTransforming Together. Staying Ahead.\u201c <\/span><\/p>\n<p>[\/vc_column_text][\/vc_column][\/vc_row][vc_row][vc_column][vc_custom_heading text=&#8221;JDI Europe GmbH ist stolzer Partner von TUFast e.V.&#8221; font_container=&#8221;tag:h2|font_size:45|text_align:center&#8221; use_theme_fonts=&#8221;yes&#8221;][\/vc_column][\/vc_row][vc_row 0=&#8221;&#8221;][vc_column 0=&#8221;&#8221; width=&#8221;1\/2&#8243;][vc_single_image image=&#8221;869&#8243; img_size=&#8221;medium&#8221;][\/vc_column][vc_column width=&#8221;1\/2&#8243;][vc_single_image image=&#8221;867&#8243; alignment=&#8221;right&#8221;][\/vc_column][\/vc_row][vc_row 0=&#8221;&#8221;][vc_column 0=&#8221;&#8221;][vc_empty_space 0=&#8221;&#8221;][vc_column_text]Wir sind sehr stolz, TUFast bei ihrer Leidenschaft, n\u00e4mlich der Entwicklung, Design und Produktion von zwei neuen Formula Student Rennwagen unterst\u00fctzen zu k\u00f6nnen und waren beim Rollout hellauf begeistert von dem tollen Ergebnis.<\/p>\n<p>Alles Details sind auf <a href=\"https:\/\/tufast-racingteam.de\/\">tufast-racingteam.de<\/a> zu finden.[\/vc_column_text][vc_empty_space 0=&#8221;&#8221;][vc_single_image image=&#8221;865&#8243; img_size=&#8221;large&#8221; alignment=&#8221;center&#8221;][\/vc_column][\/vc_row][vc_row 0=&#8221;&#8221;][vc_column 0=&#8221;&#8221;][vc_empty_space 0=&#8221;&#8221;][vc_custom_heading text=&#8221;Faurecia signs a partnership with Japan Display Inc.<br \/>\nto enhance user experience inside the cockpit&#8221; font_container=&#8221;tag:h1|text_align:center&#8221; use_theme_fonts=&#8221;yes&#8221;][vc_empty_space 0=&#8221;&#8221;][vc_single_image image=&#8221;805&#8243; img_size=&#8221;large&#8221; alignment=&#8221;center&#8221;][vc_column_text 0=&#8221;&#8221;]<\/p>\n<p style=\"text-align: center;\">Lesen Sie die Neuigkeiten <a href=\"https:\/\/www.jdi-europe.com\/en\/events\/\">hier auf Englisch.<\/a><\/p>\n<p>[\/vc_column_text][\/vc_column][\/vc_row]<\/p>\n<\/div>","protected":false},"excerpt":{"rendered":"<p>[vc_row 0=&#8221;&#8221;][vc_column][vc_separator border_width=&#8221;10&#8243;][vc_custom_heading text=&#8221;News&#8221; font_container=&#8221;tag:h2|font_size:45|text_align:center&#8221; use_theme_fonts=&#8221;yes&#8221;][vc_separator border_width=&#8221;10&#8243;][\/vc_column][\/vc_row][vc_row 0=&#8221;&#8221;][vc_column][vc_custom_heading text=&#8221;JDI und Kymeta schlie\u00dfen Partnerschaft f\u00fcr Satellitenkommunikation der n\u00e4chsten Generation&#8221; font_container=&#8221;tag:h2|font_size:30|text_align:center&#8221; use_theme_fonts=&#8221;yes&#8221; css=&#8221;&#8221;][vc_empty_space 0=&#8221;&#8221;][vc_single_image image=&#8221;1397&#8243; img_size=&#8221;large&#8221; alignment=&#8221;center&#8221; css=&#8221;&#8221;][vc_empty_space 0=&#8221;&#8221;][vc_column_text css=&#8221;&#8221;] Japan Display Inc. (JDI) ist eine strategische Partnerschaft mit Kymeta, einem globalen Marktf\u00fchrer f\u00fcr satellitengest\u00fctzte Kommunikation auf Basis von Metamaterialien, eingegangen. Ziel der Zusammenarbeit ist die Entwicklung [&hellip;]<\/p>\n","protected":false},"author":2,"featured_media":0,"parent":0,"menu_order":0,"comment_status":"closed","ping_status":"closed","template":"","meta":{"footnotes":""},"class_list":["post-18","page","type-page","status-publish","hentry"],"yoast_head":"<!-- This site is optimized with the Yoast SEO plugin v26.1.1 - https:\/\/yoast.com\/wordpress\/plugins\/seo\/ -->\n<title>JDI Events und Messen<\/title>\n<meta name=\"description\" content=\"Verpassen Sie keines unserer Events. Wir freuen uns auf ein pers\u00f6nliches Treffen mit Ihnen bei unseren Veranstaltungen und Messen.\" \/>\n<meta name=\"robots\" content=\"index, follow, max-snippet:-1, max-image-preview:large, max-video-preview:-1\" \/>\n<link rel=\"canonical\" href=\"https:\/\/www.jdi-europe.com\/de\/events\/\" \/>\n<meta property=\"og:locale\" content=\"de_DE\" \/>\n<meta property=\"og:type\" content=\"article\" \/>\n<meta property=\"og:title\" content=\"JDI Events und Messen\" \/>\n<meta property=\"og:description\" content=\"Verpassen Sie keines unserer Events. Wir freuen uns auf ein pers\u00f6nliches Treffen mit Ihnen bei unseren Veranstaltungen und Messen.\" \/>\n<meta property=\"og:url\" content=\"https:\/\/www.jdi-europe.com\/de\/events\/\" \/>\n<meta property=\"og:site_name\" content=\"JDI Europe GmbH\" \/>\n<meta property=\"article:modified_time\" content=\"2026-03-19T16:13:06+00:00\" \/>\n<meta name=\"twitter:card\" content=\"summary_large_image\" \/>\n<meta name=\"twitter:label1\" content=\"Gesch\u00e4tzte Lesezeit\" \/>\n\t<meta name=\"twitter:data1\" content=\"7\u00a0Minuten\" \/>\n<script type=\"application\/ld+json\" class=\"yoast-schema-graph\">{\"@context\":\"https:\/\/schema.org\",\"@graph\":[{\"@type\":\"WebPage\",\"@id\":\"https:\/\/www.jdi-europe.com\/de\/events\/\",\"url\":\"https:\/\/www.jdi-europe.com\/de\/events\/\",\"name\":\"JDI Events und Messen\",\"isPartOf\":{\"@id\":\"https:\/\/www.jdi-europe.com\/en\/#website\"},\"datePublished\":\"2017-06-22T09:47:21+00:00\",\"dateModified\":\"2026-03-19T16:13:06+00:00\",\"description\":\"Verpassen Sie keines unserer Events. Wir freuen uns auf ein pers\u00f6nliches Treffen mit Ihnen bei unseren Veranstaltungen und Messen.\",\"breadcrumb\":{\"@id\":\"https:\/\/www.jdi-europe.com\/de\/events\/#breadcrumb\"},\"inLanguage\":\"de\",\"potentialAction\":[{\"@type\":\"ReadAction\",\"target\":[\"https:\/\/www.jdi-europe.com\/de\/events\/\"]}]},{\"@type\":\"BreadcrumbList\",\"@id\":\"https:\/\/www.jdi-europe.com\/de\/events\/#breadcrumb\",\"itemListElement\":[{\"@type\":\"ListItem\",\"position\":1,\"name\":\"Startseite\",\"item\":\"https:\/\/www.jdi-europe.com\/de\/\"},{\"@type\":\"ListItem\",\"position\":2,\"name\":\"News\/Events\"}]},{\"@type\":\"WebSite\",\"@id\":\"https:\/\/www.jdi-europe.com\/en\/#website\",\"url\":\"https:\/\/www.jdi-europe.com\/en\/\",\"name\":\"JDI Europe GmbH\",\"description\":\"High-end automotive displays\",\"potentialAction\":[{\"@type\":\"SearchAction\",\"target\":{\"@type\":\"EntryPoint\",\"urlTemplate\":\"https:\/\/www.jdi-europe.com\/en\/?s={search_term_string}\"},\"query-input\":{\"@type\":\"PropertyValueSpecification\",\"valueRequired\":true,\"valueName\":\"search_term_string\"}}],\"inLanguage\":\"de\"}]}<\/script>\n<!-- \/ Yoast SEO plugin. -->","yoast_head_json":{"title":"JDI Events und Messen","description":"Verpassen Sie keines unserer Events. Wir freuen uns auf ein pers\u00f6nliches Treffen mit Ihnen bei unseren Veranstaltungen und Messen.","robots":{"index":"index","follow":"follow","max-snippet":"max-snippet:-1","max-image-preview":"max-image-preview:large","max-video-preview":"max-video-preview:-1"},"canonical":"https:\/\/www.jdi-europe.com\/de\/events\/","og_locale":"de_DE","og_type":"article","og_title":"JDI Events und Messen","og_description":"Verpassen Sie keines unserer Events. Wir freuen uns auf ein pers\u00f6nliches Treffen mit Ihnen bei unseren Veranstaltungen und Messen.","og_url":"https:\/\/www.jdi-europe.com\/de\/events\/","og_site_name":"JDI Europe GmbH","article_modified_time":"2026-03-19T16:13:06+00:00","twitter_card":"summary_large_image","twitter_misc":{"Gesch\u00e4tzte Lesezeit":"7\u00a0Minuten"},"schema":{"@context":"https:\/\/schema.org","@graph":[{"@type":"WebPage","@id":"https:\/\/www.jdi-europe.com\/de\/events\/","url":"https:\/\/www.jdi-europe.com\/de\/events\/","name":"JDI Events und Messen","isPartOf":{"@id":"https:\/\/www.jdi-europe.com\/en\/#website"},"datePublished":"2017-06-22T09:47:21+00:00","dateModified":"2026-03-19T16:13:06+00:00","description":"Verpassen Sie keines unserer Events. Wir freuen uns auf ein pers\u00f6nliches Treffen mit Ihnen bei unseren Veranstaltungen und Messen.","breadcrumb":{"@id":"https:\/\/www.jdi-europe.com\/de\/events\/#breadcrumb"},"inLanguage":"de","potentialAction":[{"@type":"ReadAction","target":["https:\/\/www.jdi-europe.com\/de\/events\/"]}]},{"@type":"BreadcrumbList","@id":"https:\/\/www.jdi-europe.com\/de\/events\/#breadcrumb","itemListElement":[{"@type":"ListItem","position":1,"name":"Startseite","item":"https:\/\/www.jdi-europe.com\/de\/"},{"@type":"ListItem","position":2,"name":"News\/Events"}]},{"@type":"WebSite","@id":"https:\/\/www.jdi-europe.com\/en\/#website","url":"https:\/\/www.jdi-europe.com\/en\/","name":"JDI Europe GmbH","description":"High-end automotive displays","potentialAction":[{"@type":"SearchAction","target":{"@type":"EntryPoint","urlTemplate":"https:\/\/www.jdi-europe.com\/en\/?s={search_term_string}"},"query-input":{"@type":"PropertyValueSpecification","valueRequired":true,"valueName":"search_term_string"}}],"inLanguage":"de"}]}},"_links":{"self":[{"href":"https:\/\/www.jdi-europe.com\/de\/wp-json\/wp\/v2\/pages\/18","targetHints":{"allow":["GET"]}}],"collection":[{"href":"https:\/\/www.jdi-europe.com\/de\/wp-json\/wp\/v2\/pages"}],"about":[{"href":"https:\/\/www.jdi-europe.com\/de\/wp-json\/wp\/v2\/types\/page"}],"author":[{"embeddable":true,"href":"https:\/\/www.jdi-europe.com\/de\/wp-json\/wp\/v2\/users\/2"}],"replies":[{"embeddable":true,"href":"https:\/\/www.jdi-europe.com\/de\/wp-json\/wp\/v2\/comments?post=18"}],"version-history":[{"count":86,"href":"https:\/\/www.jdi-europe.com\/de\/wp-json\/wp\/v2\/pages\/18\/revisions"}],"predecessor-version":[{"id":1403,"href":"https:\/\/www.jdi-europe.com\/de\/wp-json\/wp\/v2\/pages\/18\/revisions\/1403"}],"wp:attachment":[{"href":"https:\/\/www.jdi-europe.com\/de\/wp-json\/wp\/v2\/media?parent=18"}],"curies":[{"name":"wp","href":"https:\/\/api.w.org\/{rel}","templated":true}]}}