{"id":2,"date":"2017-05-24T10:40:25","date_gmt":"2017-05-24T08:40:25","guid":{"rendered":"http:\/\/www.jdi-europe.com\/?page_id=2"},"modified":"2025-09-22T11:25:17","modified_gmt":"2025-09-22T09:25:17","slug":"high-end-displays-automotive-smartwatch","status":"publish","type":"page","link":"https:\/\/www.jdi-europe.com\/de\/","title":{"rendered":"High-end Displays: Automotive"},"content":{"rendered":"<div class=\"wpb-content-wrapper\"><p>[vc_row][vc_column][rev_slider_vc alias=&#8221;Home&#8221;][vc_empty_space][vc_custom_heading text=&#8221;Europaweiter Vertrieb f\u00fcr kleine und mittelgro\u00dfe Displays&#8221; use_theme_fonts=&#8221;yes&#8221;][vc_empty_space][vc_column_text]Wir sind JDI Europe GmbH, die europ\u00e4ische Tochterfirma von <a href=\"http:\/\/www.jdi-europe.com\/ueber-uns\/\">Japan Display Inc<\/a>. JDI ist ein Zusammenschluss ehemaliger japanischer Displayhersteller und produziert Displays f\u00fcr Automotive, Smartphones, Tablets, Wearables, Industrieprodukte und mehr.<\/p>\n<p>In JDIE sind wir haupts\u00e4chlich f\u00fcr den Vertrieb von Displays f\u00fcr Automotive zust\u00e4ndig.[\/vc_column_text][\/vc_column][\/vc_row][vc_row equal_height=&#8221;yes&#8221; content_placement=&#8221;top&#8221;][vc_column width=&#8221;1\/2&#8243;]\r\n    <div class=\"fekra-blockquote  vc_custom_1504268028714\">\r\r\n    \r\n            <blockquote class=\"blockquote-style2\" style=\"background-color:#f3f3f3\"><q><p>Wer in Europa ein Auto der Premiumklasse f\u00e4hrt, wird mit hoher Wahrscheinlichkeit auf eines unserer Displays sto\u00dfen.<\/p>\n<\/q><\/blockquote>\r\r\n            \r\n    <\/div>\r\r\n    [\/vc_column][vc_column width=&#8221;1\/2&#8243;]\r\n    <div class=\"fekra-blockquote  vc_custom_1504268082279\">\r\r\n    \r\n            <blockquote class=\"blockquote-style2\" style=\"background-color:#f2f2f2\"><q><p>Ob hinter dem Lenkrad, in der Mittelkonsole, oder als hypermodernes Head Up Display: Ma\u00dfgeschneiderte Displays d\u00fcrfen in keinem modernen Auto mehr fehlen.<\/p>\n<\/q><\/blockquote>\r\r\n            \r\n    <\/div>\r\r\n    [\/vc_column][\/vc_row][vc_row][vc_column][vc_empty_space][\/vc_column][\/vc_row][vc_row equal_height=&#8221;yes&#8221;][vc_column width=&#8221;1\/2&#8243;][vc_single_image image=&#8221;554&#8243; img_size=&#8221;full&#8221; alignment=&#8221;center&#8221;][vc_custom_heading text=&#8221;High-end automotive displays&#8221; font_container=&#8221;tag:h3|text_align:left|color:%231e73be&#8221; use_theme_fonts=&#8221;yes&#8221;][vc_column_text]Momentan werden Displays in Autos haupts\u00e4chlich in drei Formen verwendet: im CID (Central Information Display), im Cluster und als HUD (Head Up Display).- Doch werfen Sie auch einen Blick in die Zukunft&#8230;[\/vc_column_text]\r\n    <div class=\"fekra-btn vc_btn3-containers vc_btn3-inline fekra_btn_position_ubtn-left vc_tta-container\">\r\r\n    <a onmouseleave=\"this.style.borderColor='transparent'; this.style.backgroundColor='#0a548b'; this.style.color='#ffffff'\" href=\"https:\/\/www.jdi-europe.com\/de\/displays\/\" title=\"\" target=\"_self\" style=\"background-color:#0a548b; border-color:transparent; color:#ffffff; font-size:12px; line-height:16px;\" class=\"vc_btn3-size-ubtn-normal btn btn vc_general btn-history\">Displays<\/a><\/div>[\/vc_column][vc_column width=&#8221;1\/2&#8243;][vc_single_image image=&#8221;598&#8243; img_size=&#8221;full&#8221; alignment=&#8221;center&#8221;][vc_custom_heading text=&#8221;Medical und Industrial Displays&#8221; font_container=&#8221;tag:h3|text_align:left|color:%231e73be&#8221; use_theme_fonts=&#8221;yes&#8221;][vc_column_text]Unser Tochterunternehmen KOE bedient die Nachfrage nach hochwertigen und hochaufl\u00f6senden Displays: die neueste IPS Technologie, Rugged+ f\u00fcr raue Umgebung und hohe Helligkeit mit Lesbarkeit im Freien.[\/vc_column_text]\r\n    <div class=\"fekra-btn vc_btn3-containers vc_btn3-inline fekra_btn_position_ubtn-left vc_tta-container\">\r\r\n    <a onmouseleave=\"this.style.borderColor='transparent'; this.style.backgroundColor='#0a548b'; this.style.color='#ffffff'\" href=\"http:\/\/www.jditk-j-display.com\/\" title=\"\" target=\"_blank\" style=\"background-color:#0a548b; border-color:transparent; color:#ffffff; font-size:12px; line-height:16px;\" class=\"vc_btn3-size-ubtn-normal btn btn vc_general btn-history\">KOE Website<\/a><\/div>[\/vc_column][\/vc_row][vc_row equal_height=&#8221;yes&#8221;][vc_column width=&#8221;1\/2&#8243;][vc_single_image image=&#8221;1124&#8243; img_size=&#8221;full&#8221; alignment=&#8221;center&#8221;][vc_column_text]<\/p>\n<p style=\"text-align: center;\">* Das Geh\u00e4usedesign unterscheidet sich von den zu verkaufenden Produkten.<\/p>\n<p>[\/vc_column_text][vc_custom_heading text=&#8221;R\u00e6lclear &#8211; Das transparenteste LCD Display der Welt mit beidseitiger Anzeige&#8221; font_container=&#8221;tag:h3|text_align:left|color:%231e73be&#8221; use_theme_fonts=&#8221;yes&#8221;][vc_column_text]Das transparente Interface R\u00e6lclear ist ein Fl\u00fcssigkristalldisplay, geschaffen durch die fortschrittliche Technologie von JDI. Es kann Inhalte ohne Verwendung der Hintergrundbeleuchtung anzeigen. Durch die Kombination mit einem Netzteil, einer Ansteuerschaltung und einer HDMI-Schnittstelle wird bei dem Monitor eine Durchl\u00e4ssigkeit von 84% realisiert. Das projizierte Bild ist von beiden Seiten (vorne und hinten) deutlich zu sehen.[\/vc_column_text]\r\n    <div class=\"fekra-btn vc_btn3-containers vc_btn3-inline fekra_btn_position_ubtn-left vc_tta-container\">\r\r\n    <a onmouseleave=\"this.style.borderColor='transparent'; this.style.backgroundColor='#0a548b'; this.style.color='#ffffff'\" href=\"https:\/\/www.instagram.com\/raelclear_transparentdisplay\/\" title=\"\" target=\"_blank\" style=\"background-color:#0a548b; border-color:transparent; color:#ffffff; font-size:12px; line-height:16px;\" class=\"vc_btn3-size-ubtn-normal btn btn vc_general btn-history\">Instagram<\/a><\/div>\r\n    <div class=\"fekra-btn vc_btn3-containers vc_btn3-inline fekra_btn_position_ubtn-left vc_tta-container\">\r\r\n    <a onmouseleave=\"this.style.borderColor='transparent'; this.style.backgroundColor='#0a548b'; this.style.color='#ffffff'\" href=\"https:\/\/www.facebook.com\/Raelclear\" title=\"\" target=\"_blank\" style=\"background-color:#0a548b; border-color:transparent; color:#ffffff; font-size:12px; line-height:16px;\" class=\"vc_btn3-size-ubtn-normal btn btn vc_general btn-history\">Facebook<\/a><\/div>[\/vc_column][vc_column width=&#8221;1\/2&#8243;][\/vc_column][\/vc_row][vc_row][vc_column][vc_empty_space][vc_separator color=&#8221;custom&#8221; accent_color=&#8221;#0a548b&#8221;][vc_custom_heading text=&#8221;JDI Europe in M\u00fcnchen&#8221; font_container=&#8221;tag:h3|text_align:left&#8221; use_theme_fonts=&#8221;yes&#8221;][\/vc_column][\/vc_row][vc_row][vc_column width=&#8221;3\/6&#8243;][vc_custom_heading text=&#8221;Stellenangebote&#8221; font_container=&#8221;tag:h4|text_align:left&#8221; use_theme_fonts=&#8221;yes&#8221;][vc_column_text]Wer Interesse hat, in einer hochmodernen Sparte im internationalen Umfeld zu arbeiten, sollte einen Blick auf unsere Stellenangebote werfen.[\/vc_column_text]\r\n    <div class=\"fekra-btn vc_btn3-containers vc_btn3-inline fekra_btn_position_ubtn-left vc_tta-container\">\r\r\n    <a onmouseleave=\"this.style.borderColor='transparent'; this.style.backgroundColor='#0a548b'; this.style.color='#ffffff'\" href=\"https:\/\/www.jdi-europe.com\/de\/jobs\/\" title=\"\" target=\"_self\" style=\"background-color:#0a548b; border-color:transparent; color:#ffffff; font-size:12px; line-height:16px;\" class=\"vc_btn3-size-ubtn-normal btn btn vc_general btn-history\">Jobs<\/a><\/div>[vc_empty_space height=&#8221;100px&#8221;][vc_custom_heading text=&#8221;JDI Europe News und Events&#8221; font_container=&#8221;tag:h4|text_align:left&#8221; use_theme_fonts=&#8221;yes&#8221;][vc_column_text]Lesen Sie die aktuellsten Artikel zu JDI.<br \/>\nTreffen Sie JDI Europe auf einem unserer Events. Alle Messen und Veranstaltungen finden Sie hier&#8230;[\/vc_column_text]\r\n    <div class=\"fekra-btn vc_btn3-containers vc_btn3-inline fekra_btn_position_ubtn-left vc_tta-container\">\r\r\n    <a onmouseleave=\"this.style.borderColor='transparent'; this.style.backgroundColor='#0a548b'; this.style.color='#ffffff'\" href=\"https:\/\/www.jdi-europe.com\/de\/events\/\" title=\"\" target=\"_self\" style=\"background-color:#0a548b; border-color:transparent; color:#ffffff; font-size:12px; line-height:16px;\" class=\"vc_btn3-size-ubtn-normal btn btn vc_general btn-history\">News\/Events<\/a><\/div>[vc_empty_space height=&#8221;100px&#8221;][\/vc_column][vc_column width=&#8221;1\/6&#8243;][\/vc_column][vc_column width=&#8221;2\/6&#8243;][vc_single_image image=&#8221;838&#8243; img_size=&#8221;full&#8221;][vc_empty_space][vc_column_text css=&#8221;&#8221;]In unserem B\u00fcro im Herzen M\u00fcnchens arbeiten zur Zeit 35 Mitarbeiter aus aller Herren L\u00e4nder, die sich um das Kundengesch\u00e4ft f\u00fcr den gesamten europ\u00e4ischen Raum k\u00fcmmern.<\/p>\n<p>Vom Gewinn neuer Projekte \u00fcber das Projektmanagement bis hin zur Logistik stellen wir eine unersetzliche Schnittstelle zwischen unseren Kunden und Japan dar.[\/vc_column_text]\r\n    <div class=\"fekra-btn vc_btn3-containers vc_btn3-inline fekra_btn_position_ubtn-left vc_tta-container\">\r\r\n    <a onmouseleave=\"this.style.borderColor='transparent'; this.style.backgroundColor='#0a548b'; this.style.color='#ffffff'\" href=\"https:\/\/www.jdi-europe.com\/de\/ueber-uns\/\" title=\"\" target=\"_self\" style=\"background-color:#0a548b; border-color:transparent; color:#ffffff; font-size:12px; line-height:16px;\" class=\"vc_btn3-size-ubtn-normal btn btn vc_general btn-history\">\u00dcber uns<\/a><\/div>[\/vc_column][\/vc_row][vc_row][vc_column][\/vc_column][\/vc_row]<\/p>\n<\/div>","protected":false},"excerpt":{"rendered":"<p>[vc_row][vc_column][rev_slider_vc alias=&#8221;Home&#8221;][vc_empty_space][vc_custom_heading text=&#8221;Europaweiter Vertrieb f\u00fcr kleine und mittelgro\u00dfe Displays&#8221; use_theme_fonts=&#8221;yes&#8221;][vc_empty_space][vc_column_text]Wir sind JDI Europe GmbH, die europ\u00e4ische Tochterfirma von Japan Display Inc. JDI ist ein Zusammenschluss ehemaliger japanischer Displayhersteller und produziert Displays f\u00fcr Automotive, Smartphones, Tablets, Wearables, Industrieprodukte und mehr. In JDIE sind wir haupts\u00e4chlich f\u00fcr den Vertrieb von Displays f\u00fcr Automotive zust\u00e4ndig.[\/vc_column_text][\/vc_column][\/vc_row][vc_row equal_height=&#8221;yes&#8221; content_placement=&#8221;top&#8221;][vc_column width=&#8221;1\/2&#8243;][\/vc_column][vc_column [&hellip;]<\/p>\n","protected":false},"author":1,"featured_media":0,"parent":0,"menu_order":0,"comment_status":"closed","ping_status":"closed","template":"","meta":{"footnotes":""},"class_list":["post-2","page","type-page","status-publish","hentry"],"yoast_head":"<!-- This site is optimized with the Yoast SEO plugin v26.1.1 - https:\/\/yoast.com\/wordpress\/plugins\/seo\/ -->\n<title>High-End Displays f\u00fcr Automotive, Uhren, Wearables<\/title>\n<meta name=\"description\" content=\"Egal ob Sie Ihr Smartphone betrachten, Ihre Sportuhr oder ein Display im Auto: Viele High-end displays stammen von JDI. Jetzt ansehen...\" \/>\n<meta name=\"robots\" content=\"index, follow, max-snippet:-1, max-image-preview:large, max-video-preview:-1\" \/>\n<link rel=\"canonical\" href=\"https:\/\/www.jdi-europe.com\/de\/\" \/>\n<meta property=\"og:locale\" content=\"de_DE\" \/>\n<meta property=\"og:type\" content=\"article\" \/>\n<meta property=\"og:title\" content=\"High-End Displays f\u00fcr Automotive, Uhren, Wearables\" \/>\n<meta property=\"og:description\" content=\"Egal ob Sie Ihr Smartphone betrachten, Ihre Sportuhr oder ein Display im Auto: Viele High-end displays stammen von JDI. Jetzt ansehen...\" \/>\n<meta property=\"og:url\" content=\"https:\/\/www.jdi-europe.com\/de\/\" \/>\n<meta property=\"og:site_name\" content=\"JDI Europe GmbH\" \/>\n<meta property=\"article:modified_time\" content=\"2025-09-22T09:25:17+00:00\" \/>\n<meta name=\"twitter:card\" content=\"summary_large_image\" \/>\n<meta name=\"twitter:label1\" content=\"Gesch\u00e4tzte Lesezeit\" \/>\n\t<meta name=\"twitter:data1\" content=\"2\u00a0Minuten\" \/>\n<script type=\"application\/ld+json\" class=\"yoast-schema-graph\">{\"@context\":\"https:\/\/schema.org\",\"@graph\":[{\"@type\":\"WebPage\",\"@id\":\"https:\/\/www.jdi-europe.com\/de\/\",\"url\":\"https:\/\/www.jdi-europe.com\/de\/\",\"name\":\"High-End Displays f\u00fcr Automotive, Uhren, Wearables\",\"isPartOf\":{\"@id\":\"https:\/\/www.jdi-europe.com\/en\/#website\"},\"datePublished\":\"2017-05-24T08:40:25+00:00\",\"dateModified\":\"2025-09-22T09:25:17+00:00\",\"description\":\"Egal ob Sie Ihr Smartphone betrachten, Ihre Sportuhr oder ein Display im Auto: Viele High-end displays stammen von JDI. Jetzt ansehen...\",\"breadcrumb\":{\"@id\":\"https:\/\/www.jdi-europe.com\/de\/#breadcrumb\"},\"inLanguage\":\"de\",\"potentialAction\":[{\"@type\":\"ReadAction\",\"target\":[\"https:\/\/www.jdi-europe.com\/de\/\"]}]},{\"@type\":\"BreadcrumbList\",\"@id\":\"https:\/\/www.jdi-europe.com\/de\/#breadcrumb\",\"itemListElement\":[{\"@type\":\"ListItem\",\"position\":1,\"name\":\"Startseite\",\"item\":\"https:\/\/www.jdi-europe.com\/de\/\"},{\"@type\":\"ListItem\",\"position\":2,\"name\":\"High-end Displays: Automotive\"}]},{\"@type\":\"WebSite\",\"@id\":\"https:\/\/www.jdi-europe.com\/en\/#website\",\"url\":\"https:\/\/www.jdi-europe.com\/en\/\",\"name\":\"JDI Europe GmbH\",\"description\":\"High-end automotive displays\",\"potentialAction\":[{\"@type\":\"SearchAction\",\"target\":{\"@type\":\"EntryPoint\",\"urlTemplate\":\"https:\/\/www.jdi-europe.com\/en\/?s={search_term_string}\"},\"query-input\":{\"@type\":\"PropertyValueSpecification\",\"valueRequired\":true,\"valueName\":\"search_term_string\"}}],\"inLanguage\":\"de\"}]}<\/script>\n<!-- \/ Yoast SEO plugin. -->","yoast_head_json":{"title":"High-End Displays f\u00fcr Automotive, Uhren, Wearables","description":"Egal ob Sie Ihr Smartphone betrachten, Ihre Sportuhr oder ein Display im Auto: Viele High-end displays stammen von JDI. Jetzt ansehen...","robots":{"index":"index","follow":"follow","max-snippet":"max-snippet:-1","max-image-preview":"max-image-preview:large","max-video-preview":"max-video-preview:-1"},"canonical":"https:\/\/www.jdi-europe.com\/de\/","og_locale":"de_DE","og_type":"article","og_title":"High-End Displays f\u00fcr Automotive, Uhren, Wearables","og_description":"Egal ob Sie Ihr Smartphone betrachten, Ihre Sportuhr oder ein Display im Auto: Viele High-end displays stammen von JDI. Jetzt ansehen...","og_url":"https:\/\/www.jdi-europe.com\/de\/","og_site_name":"JDI Europe GmbH","article_modified_time":"2025-09-22T09:25:17+00:00","twitter_card":"summary_large_image","twitter_misc":{"Gesch\u00e4tzte Lesezeit":"2\u00a0Minuten"},"schema":{"@context":"https:\/\/schema.org","@graph":[{"@type":"WebPage","@id":"https:\/\/www.jdi-europe.com\/de\/","url":"https:\/\/www.jdi-europe.com\/de\/","name":"High-End Displays f\u00fcr Automotive, Uhren, Wearables","isPartOf":{"@id":"https:\/\/www.jdi-europe.com\/en\/#website"},"datePublished":"2017-05-24T08:40:25+00:00","dateModified":"2025-09-22T09:25:17+00:00","description":"Egal ob Sie Ihr Smartphone betrachten, Ihre Sportuhr oder ein Display im Auto: Viele High-end displays stammen von JDI. Jetzt ansehen...","breadcrumb":{"@id":"https:\/\/www.jdi-europe.com\/de\/#breadcrumb"},"inLanguage":"de","potentialAction":[{"@type":"ReadAction","target":["https:\/\/www.jdi-europe.com\/de\/"]}]},{"@type":"BreadcrumbList","@id":"https:\/\/www.jdi-europe.com\/de\/#breadcrumb","itemListElement":[{"@type":"ListItem","position":1,"name":"Startseite","item":"https:\/\/www.jdi-europe.com\/de\/"},{"@type":"ListItem","position":2,"name":"High-end Displays: Automotive"}]},{"@type":"WebSite","@id":"https:\/\/www.jdi-europe.com\/en\/#website","url":"https:\/\/www.jdi-europe.com\/en\/","name":"JDI Europe GmbH","description":"High-end automotive displays","potentialAction":[{"@type":"SearchAction","target":{"@type":"EntryPoint","urlTemplate":"https:\/\/www.jdi-europe.com\/en\/?s={search_term_string}"},"query-input":{"@type":"PropertyValueSpecification","valueRequired":true,"valueName":"search_term_string"}}],"inLanguage":"de"}]}},"_links":{"self":[{"href":"https:\/\/www.jdi-europe.com\/de\/wp-json\/wp\/v2\/pages\/2","targetHints":{"allow":["GET"]}}],"collection":[{"href":"https:\/\/www.jdi-europe.com\/de\/wp-json\/wp\/v2\/pages"}],"about":[{"href":"https:\/\/www.jdi-europe.com\/de\/wp-json\/wp\/v2\/types\/page"}],"author":[{"embeddable":true,"href":"https:\/\/www.jdi-europe.com\/de\/wp-json\/wp\/v2\/users\/1"}],"replies":[{"embeddable":true,"href":"https:\/\/www.jdi-europe.com\/de\/wp-json\/wp\/v2\/comments?post=2"}],"version-history":[{"count":106,"href":"https:\/\/www.jdi-europe.com\/de\/wp-json\/wp\/v2\/pages\/2\/revisions"}],"predecessor-version":[{"id":1368,"href":"https:\/\/www.jdi-europe.com\/de\/wp-json\/wp\/v2\/pages\/2\/revisions\/1368"}],"wp:attachment":[{"href":"https:\/\/www.jdi-europe.com\/de\/wp-json\/wp\/v2\/media?parent=2"}],"curies":[{"name":"wp","href":"https:\/\/api.w.org\/{rel}","templated":true}]}}