{"id":20,"date":"2017-06-22T11:47:49","date_gmt":"2017-06-22T09:47:49","guid":{"rendered":"http:\/\/www.jdi-europe.com\/?page_id=20"},"modified":"2024-02-29T10:50:17","modified_gmt":"2024-02-29T09:50:17","slug":"ueber-uns","status":"publish","type":"page","link":"https:\/\/www.jdi-europe.com\/de\/ueber-uns\/","title":{"rendered":"\u00dcber uns"},"content":{"rendered":"<div class=\"wpb-content-wrapper\"><p>[vc_row][vc_column][vc_custom_heading text=&#8221;Ein dynamisches Team f\u00fcr den europ\u00e4ischen Markt&#8221; use_theme_fonts=&#8221;yes&#8221;][\/vc_column][\/vc_row][vc_row][vc_column width=&#8221;2\/3&#8243;][vc_empty_space][vc_empty_space][vc_empty_space][vc_empty_space][vc_column_text]Die JDI Europe GmbH mit Firmensitz in M\u00fcnchen ist ein Zusammenschluss der Display Gesch\u00e4ftseinheiten von Hitachi, Sony und Toshiba. Sitz der Japan Display Inc. Firmenzentrale ist Tokio, Japan.<\/p>\n<p>Namhafte Hersteller aus der Automobil-, Smart Device- und Mobiltelefonbranche geh\u00f6ren zu unseren Kunden. Die Hauptaufgabe der europ\u00e4ischen Niederlassung in M\u00fcnchen ist der Vertrieb von kleinen und mittelgro\u00dfen Displays an die \u201eTier1\u201c Lieferanten der europ\u00e4ischen Automobilindustrie. Die Konzernsprache ist Englisch.<\/p>\n<p>&nbsp;<\/p>\n<p>Ausf\u00fchrliche Informationen zu unserem globalen Netzwerk, CSR, etc. finden Sie auf unserer <a href=\"https:\/\/www.j-display.com\/en\/\" target=\"_blank\" rel=\"noopener\">japanischen Seite.<\/a>[\/vc_column_text][\/vc_column][vc_column width=&#8221;1\/3&#8243;][vc_single_image image=&#8221;838&#8243; img_size=&#8221;large&#8221; style=&#8221;vc_box_circle_2&#8243;][\/vc_column][\/vc_row]<\/p>\n<\/div>","protected":false},"excerpt":{"rendered":"<p>[vc_row][vc_column][vc_custom_heading text=&#8221;Ein dynamisches Team f\u00fcr den europ\u00e4ischen Markt&#8221; use_theme_fonts=&#8221;yes&#8221;][\/vc_column][\/vc_row][vc_row][vc_column width=&#8221;2\/3&#8243;][vc_empty_space][vc_empty_space][vc_empty_space][vc_empty_space][vc_column_text]Die JDI Europe GmbH mit Firmensitz in M\u00fcnchen ist ein Zusammenschluss der Display Gesch\u00e4ftseinheiten von Hitachi, Sony und Toshiba. Sitz der Japan Display Inc. Firmenzentrale ist Tokio, Japan. Namhafte Hersteller aus der Automobil-, Smart Device- und Mobiltelefonbranche geh\u00f6ren zu unseren Kunden. Die Hauptaufgabe der europ\u00e4ischen Niederlassung [&hellip;]<\/p>\n","protected":false},"author":2,"featured_media":0,"parent":0,"menu_order":0,"comment_status":"closed","ping_status":"closed","template":"","meta":{"footnotes":""},"class_list":["post-20","page","type-page","status-publish","hentry"],"yoast_head":"<!-- This site is optimized with the Yoast SEO plugin v26.1.1 - https:\/\/yoast.com\/wordpress\/plugins\/seo\/ -->\n<title>Wir entwerfen Ihre Zukunft<\/title>\n<meta name=\"description\" content=\"Fahren Sie mit unseren Displays in die Zukunft. Als Tochtergesellschaft der Japan Display sind unsere Kunden vor allem namhafte Automobilhersteller.\" \/>\n<meta name=\"robots\" content=\"index, follow, max-snippet:-1, max-image-preview:large, max-video-preview:-1\" \/>\n<link rel=\"canonical\" href=\"https:\/\/www.jdi-europe.com\/de\/ueber-uns\/\" \/>\n<meta property=\"og:locale\" content=\"de_DE\" \/>\n<meta property=\"og:type\" content=\"article\" \/>\n<meta property=\"og:title\" content=\"Wir entwerfen Ihre Zukunft\" \/>\n<meta property=\"og:description\" content=\"Fahren Sie mit unseren Displays in die Zukunft. Als Tochtergesellschaft der Japan Display sind unsere Kunden vor allem namhafte Automobilhersteller.\" \/>\n<meta property=\"og:url\" content=\"https:\/\/www.jdi-europe.com\/de\/ueber-uns\/\" \/>\n<meta property=\"og:site_name\" content=\"JDI Europe GmbH\" \/>\n<meta property=\"article:modified_time\" content=\"2024-02-29T09:50:17+00:00\" \/>\n<meta name=\"twitter:card\" content=\"summary_large_image\" \/>\n<meta name=\"twitter:label1\" content=\"Gesch\u00e4tzte Lesezeit\" \/>\n\t<meta name=\"twitter:data1\" content=\"1\u00a0Minute\" \/>\n<script type=\"application\/ld+json\" class=\"yoast-schema-graph\">{\"@context\":\"https:\/\/schema.org\",\"@graph\":[{\"@type\":\"WebPage\",\"@id\":\"https:\/\/www.jdi-europe.com\/de\/ueber-uns\/\",\"url\":\"https:\/\/www.jdi-europe.com\/de\/ueber-uns\/\",\"name\":\"Wir entwerfen Ihre Zukunft\",\"isPartOf\":{\"@id\":\"https:\/\/www.jdi-europe.com\/en\/#website\"},\"datePublished\":\"2017-06-22T09:47:49+00:00\",\"dateModified\":\"2024-02-29T09:50:17+00:00\",\"description\":\"Fahren Sie mit unseren Displays in die Zukunft. Als Tochtergesellschaft der Japan Display sind unsere Kunden vor allem namhafte Automobilhersteller.\",\"breadcrumb\":{\"@id\":\"https:\/\/www.jdi-europe.com\/de\/ueber-uns\/#breadcrumb\"},\"inLanguage\":\"de\",\"potentialAction\":[{\"@type\":\"ReadAction\",\"target\":[\"https:\/\/www.jdi-europe.com\/de\/ueber-uns\/\"]}]},{\"@type\":\"BreadcrumbList\",\"@id\":\"https:\/\/www.jdi-europe.com\/de\/ueber-uns\/#breadcrumb\",\"itemListElement\":[{\"@type\":\"ListItem\",\"position\":1,\"name\":\"Startseite\",\"item\":\"https:\/\/www.jdi-europe.com\/de\/\"},{\"@type\":\"ListItem\",\"position\":2,\"name\":\"\u00dcber uns\"}]},{\"@type\":\"WebSite\",\"@id\":\"https:\/\/www.jdi-europe.com\/en\/#website\",\"url\":\"https:\/\/www.jdi-europe.com\/en\/\",\"name\":\"JDI Europe GmbH\",\"description\":\"High-end automotive displays\",\"potentialAction\":[{\"@type\":\"SearchAction\",\"target\":{\"@type\":\"EntryPoint\",\"urlTemplate\":\"https:\/\/www.jdi-europe.com\/en\/?s={search_term_string}\"},\"query-input\":{\"@type\":\"PropertyValueSpecification\",\"valueRequired\":true,\"valueName\":\"search_term_string\"}}],\"inLanguage\":\"de\"}]}<\/script>\n<!-- \/ Yoast SEO plugin. -->","yoast_head_json":{"title":"Wir entwerfen Ihre Zukunft","description":"Fahren Sie mit unseren Displays in die Zukunft. Als Tochtergesellschaft der Japan Display sind unsere Kunden vor allem namhafte Automobilhersteller.","robots":{"index":"index","follow":"follow","max-snippet":"max-snippet:-1","max-image-preview":"max-image-preview:large","max-video-preview":"max-video-preview:-1"},"canonical":"https:\/\/www.jdi-europe.com\/de\/ueber-uns\/","og_locale":"de_DE","og_type":"article","og_title":"Wir entwerfen Ihre Zukunft","og_description":"Fahren Sie mit unseren Displays in die Zukunft. Als Tochtergesellschaft der Japan Display sind unsere Kunden vor allem namhafte Automobilhersteller.","og_url":"https:\/\/www.jdi-europe.com\/de\/ueber-uns\/","og_site_name":"JDI Europe GmbH","article_modified_time":"2024-02-29T09:50:17+00:00","twitter_card":"summary_large_image","twitter_misc":{"Gesch\u00e4tzte Lesezeit":"1\u00a0Minute"},"schema":{"@context":"https:\/\/schema.org","@graph":[{"@type":"WebPage","@id":"https:\/\/www.jdi-europe.com\/de\/ueber-uns\/","url":"https:\/\/www.jdi-europe.com\/de\/ueber-uns\/","name":"Wir entwerfen Ihre Zukunft","isPartOf":{"@id":"https:\/\/www.jdi-europe.com\/en\/#website"},"datePublished":"2017-06-22T09:47:49+00:00","dateModified":"2024-02-29T09:50:17+00:00","description":"Fahren Sie mit unseren Displays in die Zukunft. Als Tochtergesellschaft der Japan Display sind unsere Kunden vor allem namhafte Automobilhersteller.","breadcrumb":{"@id":"https:\/\/www.jdi-europe.com\/de\/ueber-uns\/#breadcrumb"},"inLanguage":"de","potentialAction":[{"@type":"ReadAction","target":["https:\/\/www.jdi-europe.com\/de\/ueber-uns\/"]}]},{"@type":"BreadcrumbList","@id":"https:\/\/www.jdi-europe.com\/de\/ueber-uns\/#breadcrumb","itemListElement":[{"@type":"ListItem","position":1,"name":"Startseite","item":"https:\/\/www.jdi-europe.com\/de\/"},{"@type":"ListItem","position":2,"name":"\u00dcber uns"}]},{"@type":"WebSite","@id":"https:\/\/www.jdi-europe.com\/en\/#website","url":"https:\/\/www.jdi-europe.com\/en\/","name":"JDI Europe GmbH","description":"High-end automotive displays","potentialAction":[{"@type":"SearchAction","target":{"@type":"EntryPoint","urlTemplate":"https:\/\/www.jdi-europe.com\/en\/?s={search_term_string}"},"query-input":{"@type":"PropertyValueSpecification","valueRequired":true,"valueName":"search_term_string"}}],"inLanguage":"de"}]}},"_links":{"self":[{"href":"https:\/\/www.jdi-europe.com\/de\/wp-json\/wp\/v2\/pages\/20","targetHints":{"allow":["GET"]}}],"collection":[{"href":"https:\/\/www.jdi-europe.com\/de\/wp-json\/wp\/v2\/pages"}],"about":[{"href":"https:\/\/www.jdi-europe.com\/de\/wp-json\/wp\/v2\/types\/page"}],"author":[{"embeddable":true,"href":"https:\/\/www.jdi-europe.com\/de\/wp-json\/wp\/v2\/users\/2"}],"replies":[{"embeddable":true,"href":"https:\/\/www.jdi-europe.com\/de\/wp-json\/wp\/v2\/comments?post=20"}],"version-history":[{"count":15,"href":"https:\/\/www.jdi-europe.com\/de\/wp-json\/wp\/v2\/pages\/20\/revisions"}],"predecessor-version":[{"id":1177,"href":"https:\/\/www.jdi-europe.com\/de\/wp-json\/wp\/v2\/pages\/20\/revisions\/1177"}],"wp:attachment":[{"href":"https:\/\/www.jdi-europe.com\/de\/wp-json\/wp\/v2\/media?parent=20"}],"curies":[{"name":"wp","href":"https:\/\/api.w.org\/{rel}","templated":true}]}}