{"id":22,"date":"2017-06-22T11:48:16","date_gmt":"2017-06-22T09:48:16","guid":{"rendered":"http:\/\/www.jdi-europe.com\/?page_id=22"},"modified":"2024-09-26T16:03:27","modified_gmt":"2024-09-26T14:03:27","slug":"jobs","status":"publish","type":"page","link":"https:\/\/www.jdi-europe.com\/de\/jobs\/","title":{"rendered":"Jobs"},"content":{"rendered":"<div class=\"wpb-content-wrapper\"><p>[vc_row][vc_column width=&#8221;2\/3&#8243;][vc_custom_heading text=&#8221;Initiativbewerbung&#8221; use_theme_fonts=&#8221;yes&#8221;][vc_empty_space height=&#8221;20px&#8221;][vc_column_text]<\/p>\n<h4>Sie wissen, wohin der Markt f\u00fcr Displays sich entwickelt? Oder wollen mit uns zusammen zum Markttreiber werden? Sie sind ein Himmelsst\u00fcrmer, gleich aus welchem Bereich?<\/h4>\n<h4>Dann m\u00f6chten wir Sie kennen lernen. Senden Sie bitte Ihre aussagekr\u00e4ftige Bewerbung an unsere <a href=\"mailto:jdie.jobs.zz@j-display.com\" target=\"_blank\" rel=\"noopener\">Personalabteilung<\/a>.<\/h4>\n<p>[\/vc_column_text][\/vc_column][vc_column width=&#8221;1\/3&#8243;][vc_empty_space height=&#8221;20px&#8221;][vc_single_image image=&#8221;417&#8243; img_size=&#8221;large&#8221; alignment=&#8221;center&#8221;][\/vc_column][\/vc_row][vc_row][vc_column][vc_empty_space height=&#8221;20px&#8221;][vc_empty_space height=&#8221;20px&#8221;][\/vc_column][\/vc_row]<\/p>\n<\/div>","protected":false},"excerpt":{"rendered":"<p>[vc_row][vc_column width=&#8221;2\/3&#8243;][vc_custom_heading text=&#8221;Initiativbewerbung&#8221; use_theme_fonts=&#8221;yes&#8221;][vc_empty_space height=&#8221;20px&#8221;][vc_column_text] Sie wissen, wohin der Markt f\u00fcr Displays sich entwickelt? Oder wollen mit uns zusammen zum Markttreiber werden? Sie sind ein Himmelsst\u00fcrmer, gleich aus welchem Bereich? Dann m\u00f6chten wir Sie kennen lernen. Senden Sie bitte Ihre aussagekr\u00e4ftige Bewerbung an unsere Personalabteilung. [\/vc_column_text][\/vc_column][vc_column width=&#8221;1\/3&#8243;][vc_empty_space height=&#8221;20px&#8221;][vc_single_image image=&#8221;417&#8243; img_size=&#8221;large&#8221; alignment=&#8221;center&#8221;][\/vc_column][\/vc_row][vc_row][vc_column][vc_empty_space height=&#8221;20px&#8221;][vc_empty_space height=&#8221;20px&#8221;][\/vc_column][\/vc_row]<\/p>\n","protected":false},"author":2,"featured_media":0,"parent":0,"menu_order":0,"comment_status":"closed","ping_status":"closed","template":"","meta":{"footnotes":""},"class_list":["post-22","page","type-page","status-publish","hentry"],"yoast_head":"<!-- This site is optimized with the Yoast SEO plugin v26.1.1 - https:\/\/yoast.com\/wordpress\/plugins\/seo\/ -->\n<title>Spannende Jobs im dynamischen Display-Markt: Bei JDI bewerben!<\/title>\n<meta name=\"description\" content=\"Werden Sie Teil unseres Teams \u2013 bewerben Sie sich jetzt. Hier geht es zu unseren aktuellen Jobangeboten.\" \/>\n<meta name=\"robots\" content=\"index, follow, max-snippet:-1, max-image-preview:large, max-video-preview:-1\" \/>\n<link rel=\"canonical\" href=\"https:\/\/www.jdi-europe.com\/de\/jobs\/\" \/>\n<meta property=\"og:locale\" content=\"de_DE\" \/>\n<meta property=\"og:type\" content=\"article\" \/>\n<meta property=\"og:title\" content=\"Spannende Jobs im dynamischen Display-Markt: Bei JDI bewerben!\" \/>\n<meta property=\"og:description\" content=\"Werden Sie Teil unseres Teams \u2013 bewerben Sie sich jetzt. Hier geht es zu unseren aktuellen Jobangeboten.\" \/>\n<meta property=\"og:url\" content=\"https:\/\/www.jdi-europe.com\/de\/jobs\/\" \/>\n<meta property=\"og:site_name\" content=\"JDI Europe GmbH\" \/>\n<meta property=\"article:modified_time\" content=\"2024-09-26T14:03:27+00:00\" \/>\n<meta name=\"twitter:card\" content=\"summary_large_image\" \/>\n<meta name=\"twitter:label1\" content=\"Gesch\u00e4tzte Lesezeit\" \/>\n\t<meta name=\"twitter:data1\" content=\"1\u00a0Minute\" \/>\n<script type=\"application\/ld+json\" class=\"yoast-schema-graph\">{\"@context\":\"https:\/\/schema.org\",\"@graph\":[{\"@type\":\"WebPage\",\"@id\":\"https:\/\/www.jdi-europe.com\/de\/jobs\/\",\"url\":\"https:\/\/www.jdi-europe.com\/de\/jobs\/\",\"name\":\"Spannende Jobs im dynamischen Display-Markt: Bei JDI bewerben!\",\"isPartOf\":{\"@id\":\"https:\/\/www.jdi-europe.com\/en\/#website\"},\"datePublished\":\"2017-06-22T09:48:16+00:00\",\"dateModified\":\"2024-09-26T14:03:27+00:00\",\"description\":\"Werden Sie Teil unseres Teams \u2013 bewerben Sie sich jetzt. Hier geht es zu unseren aktuellen Jobangeboten.\",\"breadcrumb\":{\"@id\":\"https:\/\/www.jdi-europe.com\/de\/jobs\/#breadcrumb\"},\"inLanguage\":\"de\",\"potentialAction\":[{\"@type\":\"ReadAction\",\"target\":[\"https:\/\/www.jdi-europe.com\/de\/jobs\/\"]}]},{\"@type\":\"BreadcrumbList\",\"@id\":\"https:\/\/www.jdi-europe.com\/de\/jobs\/#breadcrumb\",\"itemListElement\":[{\"@type\":\"ListItem\",\"position\":1,\"name\":\"Startseite\",\"item\":\"https:\/\/www.jdi-europe.com\/de\/\"},{\"@type\":\"ListItem\",\"position\":2,\"name\":\"Jobs\"}]},{\"@type\":\"WebSite\",\"@id\":\"https:\/\/www.jdi-europe.com\/en\/#website\",\"url\":\"https:\/\/www.jdi-europe.com\/en\/\",\"name\":\"JDI Europe GmbH\",\"description\":\"High-end automotive displays\",\"potentialAction\":[{\"@type\":\"SearchAction\",\"target\":{\"@type\":\"EntryPoint\",\"urlTemplate\":\"https:\/\/www.jdi-europe.com\/en\/?s={search_term_string}\"},\"query-input\":{\"@type\":\"PropertyValueSpecification\",\"valueRequired\":true,\"valueName\":\"search_term_string\"}}],\"inLanguage\":\"de\"}]}<\/script>\n<!-- \/ Yoast SEO plugin. -->","yoast_head_json":{"title":"Spannende Jobs im dynamischen Display-Markt: Bei JDI bewerben!","description":"Werden Sie Teil unseres Teams \u2013 bewerben Sie sich jetzt. Hier geht es zu unseren aktuellen Jobangeboten.","robots":{"index":"index","follow":"follow","max-snippet":"max-snippet:-1","max-image-preview":"max-image-preview:large","max-video-preview":"max-video-preview:-1"},"canonical":"https:\/\/www.jdi-europe.com\/de\/jobs\/","og_locale":"de_DE","og_type":"article","og_title":"Spannende Jobs im dynamischen Display-Markt: Bei JDI bewerben!","og_description":"Werden Sie Teil unseres Teams \u2013 bewerben Sie sich jetzt. Hier geht es zu unseren aktuellen Jobangeboten.","og_url":"https:\/\/www.jdi-europe.com\/de\/jobs\/","og_site_name":"JDI Europe GmbH","article_modified_time":"2024-09-26T14:03:27+00:00","twitter_card":"summary_large_image","twitter_misc":{"Gesch\u00e4tzte Lesezeit":"1\u00a0Minute"},"schema":{"@context":"https:\/\/schema.org","@graph":[{"@type":"WebPage","@id":"https:\/\/www.jdi-europe.com\/de\/jobs\/","url":"https:\/\/www.jdi-europe.com\/de\/jobs\/","name":"Spannende Jobs im dynamischen Display-Markt: Bei JDI bewerben!","isPartOf":{"@id":"https:\/\/www.jdi-europe.com\/en\/#website"},"datePublished":"2017-06-22T09:48:16+00:00","dateModified":"2024-09-26T14:03:27+00:00","description":"Werden Sie Teil unseres Teams \u2013 bewerben Sie sich jetzt. Hier geht es zu unseren aktuellen Jobangeboten.","breadcrumb":{"@id":"https:\/\/www.jdi-europe.com\/de\/jobs\/#breadcrumb"},"inLanguage":"de","potentialAction":[{"@type":"ReadAction","target":["https:\/\/www.jdi-europe.com\/de\/jobs\/"]}]},{"@type":"BreadcrumbList","@id":"https:\/\/www.jdi-europe.com\/de\/jobs\/#breadcrumb","itemListElement":[{"@type":"ListItem","position":1,"name":"Startseite","item":"https:\/\/www.jdi-europe.com\/de\/"},{"@type":"ListItem","position":2,"name":"Jobs"}]},{"@type":"WebSite","@id":"https:\/\/www.jdi-europe.com\/en\/#website","url":"https:\/\/www.jdi-europe.com\/en\/","name":"JDI Europe GmbH","description":"High-end automotive displays","potentialAction":[{"@type":"SearchAction","target":{"@type":"EntryPoint","urlTemplate":"https:\/\/www.jdi-europe.com\/en\/?s={search_term_string}"},"query-input":{"@type":"PropertyValueSpecification","valueRequired":true,"valueName":"search_term_string"}}],"inLanguage":"de"}]}},"_links":{"self":[{"href":"https:\/\/www.jdi-europe.com\/de\/wp-json\/wp\/v2\/pages\/22","targetHints":{"allow":["GET"]}}],"collection":[{"href":"https:\/\/www.jdi-europe.com\/de\/wp-json\/wp\/v2\/pages"}],"about":[{"href":"https:\/\/www.jdi-europe.com\/de\/wp-json\/wp\/v2\/types\/page"}],"author":[{"embeddable":true,"href":"https:\/\/www.jdi-europe.com\/de\/wp-json\/wp\/v2\/users\/2"}],"replies":[{"embeddable":true,"href":"https:\/\/www.jdi-europe.com\/de\/wp-json\/wp\/v2\/comments?post=22"}],"version-history":[{"count":88,"href":"https:\/\/www.jdi-europe.com\/de\/wp-json\/wp\/v2\/pages\/22\/revisions"}],"predecessor-version":[{"id":1210,"href":"https:\/\/www.jdi-europe.com\/de\/wp-json\/wp\/v2\/pages\/22\/revisions\/1210"}],"wp:attachment":[{"href":"https:\/\/www.jdi-europe.com\/de\/wp-json\/wp\/v2\/media?parent=22"}],"curies":[{"name":"wp","href":"https:\/\/api.w.org\/{rel}","templated":true}]}}