{"id":24,"date":"2017-06-22T11:48:37","date_gmt":"2017-06-22T09:48:37","guid":{"rendered":"http:\/\/www.jdi-europe.com\/?page_id=24"},"modified":"2023-11-07T16:00:31","modified_gmt":"2023-11-07T15:00:31","slug":"kontakt","status":"publish","type":"page","link":"https:\/\/www.jdi-europe.com\/de\/kontakt\/","title":{"rendered":"Kontakt"},"content":{"rendered":"<div class=\"wpb-content-wrapper\"><p>[vc_row][vc_column][vc_custom_heading text=&#8221;Wir bei JDI Europe haben immer ein offenes Auge und Ohr f\u00fcr Sie&#8221; use_theme_fonts=&#8221;yes&#8221;][\/vc_column][\/vc_row][vc_row][vc_column][vc_column_text]<\/p>\n<h3>Sie haben eine Anfrage f\u00fcr ein Automotive-Display-Projekt? Lassen Sie sich von unseren innovativen L\u00f6sungen \u00fcberraschen.<\/h3>\n<p>[\/vc_column_text][\/vc_column][\/vc_row][vc_row][vc_column width=&#8221;1\/2&#8243;]\n<div class=\"wpcf7 no-js\" id=\"wpcf7-f4-o1\" lang=\"de-DE\" dir=\"ltr\" data-wpcf7-id=\"4\">\n<div class=\"screen-reader-response\"><p role=\"status\" aria-live=\"polite\" aria-atomic=\"true\"><\/p> <ul><\/ul><\/div>\n<form action=\"\/de\/wp-json\/wp\/v2\/pages\/24#wpcf7-f4-o1\" method=\"post\" class=\"wpcf7-form init\" aria-label=\"Kontaktformular\" novalidate=\"novalidate\" data-status=\"init\">\n<fieldset class=\"hidden-fields-container\"><input type=\"hidden\" name=\"_wpcf7\" value=\"4\" \/><input type=\"hidden\" name=\"_wpcf7_version\" value=\"6.1.2\" \/><input type=\"hidden\" name=\"_wpcf7_locale\" value=\"de_DE\" \/><input type=\"hidden\" name=\"_wpcf7_unit_tag\" value=\"wpcf7-f4-o1\" \/><input type=\"hidden\" name=\"_wpcf7_container_post\" value=\"0\" \/><input type=\"hidden\" name=\"_wpcf7_posted_data_hash\" value=\"\" \/>\n<\/fieldset>\n<p><label> Ihr Name<br \/>\n<span class=\"wpcf7-form-control-wrap\" data-name=\"your-name\"><input size=\"40\" maxlength=\"400\" class=\"wpcf7-form-control wpcf7-text\" aria-invalid=\"false\" value=\"\" type=\"text\" name=\"your-name\" \/><\/span> <\/label>\n<\/p>\n<p><label> Ihre E-Mail-Adresse (Pflichtfeld)<br \/>\n<span class=\"wpcf7-form-control-wrap\" data-name=\"your-email\"><input size=\"40\" maxlength=\"400\" class=\"wpcf7-form-control wpcf7-email wpcf7-validates-as-required wpcf7-text wpcf7-validates-as-email\" aria-required=\"true\" aria-invalid=\"false\" value=\"\" type=\"email\" name=\"your-email\" \/><\/span> <\/label>\n<\/p>\n<p><label> Betreff<br \/>\n<span class=\"wpcf7-form-control-wrap\" data-name=\"your-subject\"><input size=\"40\" maxlength=\"400\" class=\"wpcf7-form-control wpcf7-text\" aria-invalid=\"false\" value=\"\" type=\"text\" name=\"your-subject\" \/><\/span> <\/label>\n<\/p>\n<p><label> Ihre Nachricht<br \/>\n<span class=\"wpcf7-form-control-wrap\" data-name=\"your-message\"><textarea cols=\"40\" rows=\"10\" maxlength=\"2000\" class=\"wpcf7-form-control wpcf7-textarea\" aria-invalid=\"false\" name=\"your-message\"><\/textarea><\/span> <\/label>\n<\/p>\n<p><label> Datenschutz (Pflichtfeld)<\/label><br \/>\n<span class=\"wpcf7-form-control-wrap\" data-name=\"your-consent\"><span class=\"wpcf7-form-control wpcf7-acceptance\"><span class=\"wpcf7-list-item\"><label><input type=\"checkbox\" name=\"your-consent\" value=\"1\" aria-invalid=\"false\" \/><span class=\"wpcf7-list-item-label\">Ich habe die <a href=\"https:\/\/www.jdi-europe.com\/de\/datenschutz\/\" target=\"_blank\"\n >Datenschutzerkl\u00e4rung<\/a> zur Kenntnis genommen und erkl\u00e4re mich damit einverstanden.<\/span><\/label><\/span><\/span><\/span>\n<\/p>\n<p><input class=\"wpcf7-form-control wpcf7-submit has-spinner\" type=\"submit\" value=\"Senden\" \/>\n<\/p><div class=\"wpcf7-response-output\" aria-hidden=\"true\"><\/div>\n<\/form>\n<\/div>\n[\/vc_column][vc_column width=&#8221;1\/2&#8243;][vc_column_text]<strong>JDI Europe GmbH<\/strong><\/p>\n<div class=\"mod\" data-md=\"1002\" data-hveid=\"120\" data-ved=\"0ahUKEwi0vu2TyobWAhWLLlAKHc3yD_EQkCkIeCgCMA0\">\n<div class=\"_eFb\">\n<div class=\"_mr kno-fb-ctx\" data-dtype=\"d3adr\" data-ved=\"0ahUKEwi0vu2TyobWAhWLLlAKHc3yD_EQghwIeSgAMA0\">Newton<\/div>\n<div data-dtype=\"d3adr\" data-ved=\"0ahUKEwi0vu2TyobWAhWLLlAKHc3yD_EQghwIeSgAMA0\">Ridlerstr. 57<\/div>\n<div class=\"_mr kno-fb-ctx\" data-dtype=\"d3adr\" data-ved=\"0ahUKEwi0vu2TyobWAhWLLlAKHc3yD_EQghwIeSgAMA0\"><span class=\"_Xbe\">80339 M\u00fcnchen<\/span><\/div>\n<\/div>\n<\/div>\n<div class=\"mod\" data-md=\"1006\" data-hveid=\"123\" data-ved=\"0ahUKEwi0vu2TyobWAhWLLlAKHc3yD_EQkCkIeygDMA4\">\n<div class=\"_eFb\">\n<div class=\"_mr kno-fb-ctx\" data-dtype=\"d3ph\" data-ved=\"0ahUKEwi0vu2TyobWAhWLLlAKHc3yD_EQ8I0BCHwoADAO\"><span class=\"_Xbe _ZWk kno-fv\"><span data-dtype=\"d3ph\">+49 (0)89 1890840<\/span><\/span><\/div>\n<\/div>\n<\/div>\n<p>[\/vc_column_text][\/vc_column][\/vc_row]<\/p>\n<\/div>","protected":false},"excerpt":{"rendered":"<p>[vc_row][vc_column][vc_custom_heading text=&#8221;Wir bei JDI Europe haben immer ein offenes Auge und Ohr f\u00fcr Sie&#8221; use_theme_fonts=&#8221;yes&#8221;][\/vc_column][\/vc_row][vc_row][vc_column][vc_column_text] Sie haben eine Anfrage f\u00fcr ein Automotive-Display-Projekt? Lassen Sie sich von unseren innovativen L\u00f6sungen \u00fcberraschen. [\/vc_column_text][\/vc_column][\/vc_row][vc_row][vc_column width=&#8221;1\/2&#8243;][\/vc_column][vc_column width=&#8221;1\/2&#8243;][vc_column_text]JDI Europe GmbH Newton Ridlerstr. 57 80339 M\u00fcnchen +49 (0)89 1890840 [\/vc_column_text][\/vc_column][\/vc_row]<\/p>\n","protected":false},"author":2,"featured_media":0,"parent":0,"menu_order":0,"comment_status":"closed","ping_status":"closed","template":"","meta":{"footnotes":""},"class_list":["post-24","page","type-page","status-publish","hentry"],"yoast_head":"<!-- This site is optimized with the Yoast SEO plugin v26.1.1 - https:\/\/yoast.com\/wordpress\/plugins\/seo\/ -->\n<title>Wir sind f\u00fcr Sie da<\/title>\n<meta name=\"description\" content=\"Wir bei JDI Europe haben immer ein offenes Ohr f\u00fcr Ihr Anliegen. Schreiben Sie uns und lassen Sie sich von unseren innovativen L\u00f6sungen \u00fcberraschen.\" \/>\n<meta name=\"robots\" content=\"index, follow, max-snippet:-1, max-image-preview:large, max-video-preview:-1\" \/>\n<link rel=\"canonical\" href=\"https:\/\/www.jdi-europe.com\/de\/kontakt\/\" \/>\n<meta property=\"og:locale\" content=\"de_DE\" \/>\n<meta property=\"og:type\" content=\"article\" \/>\n<meta property=\"og:title\" content=\"Wir sind f\u00fcr Sie da\" \/>\n<meta property=\"og:description\" content=\"Wir bei JDI Europe haben immer ein offenes Ohr f\u00fcr Ihr Anliegen. Schreiben Sie uns und lassen Sie sich von unseren innovativen L\u00f6sungen \u00fcberraschen.\" \/>\n<meta property=\"og:url\" content=\"https:\/\/www.jdi-europe.com\/de\/kontakt\/\" \/>\n<meta property=\"og:site_name\" content=\"JDI Europe GmbH\" \/>\n<meta property=\"article:modified_time\" content=\"2023-11-07T15:00:31+00:00\" \/>\n<meta name=\"twitter:card\" content=\"summary_large_image\" \/>\n<meta name=\"twitter:label1\" content=\"Gesch\u00e4tzte Lesezeit\" \/>\n\t<meta name=\"twitter:data1\" content=\"1\u00a0Minute\" \/>\n<script type=\"application\/ld+json\" class=\"yoast-schema-graph\">{\"@context\":\"https:\/\/schema.org\",\"@graph\":[{\"@type\":\"WebPage\",\"@id\":\"https:\/\/www.jdi-europe.com\/de\/kontakt\/\",\"url\":\"https:\/\/www.jdi-europe.com\/de\/kontakt\/\",\"name\":\"Wir sind f\u00fcr Sie da\",\"isPartOf\":{\"@id\":\"https:\/\/www.jdi-europe.com\/en\/#website\"},\"datePublished\":\"2017-06-22T09:48:37+00:00\",\"dateModified\":\"2023-11-07T15:00:31+00:00\",\"description\":\"Wir bei JDI Europe haben immer ein offenes Ohr f\u00fcr Ihr Anliegen. Schreiben Sie uns und lassen Sie sich von unseren innovativen L\u00f6sungen \u00fcberraschen.\",\"breadcrumb\":{\"@id\":\"https:\/\/www.jdi-europe.com\/de\/kontakt\/#breadcrumb\"},\"inLanguage\":\"de\",\"potentialAction\":[{\"@type\":\"ReadAction\",\"target\":[\"https:\/\/www.jdi-europe.com\/de\/kontakt\/\"]}]},{\"@type\":\"BreadcrumbList\",\"@id\":\"https:\/\/www.jdi-europe.com\/de\/kontakt\/#breadcrumb\",\"itemListElement\":[{\"@type\":\"ListItem\",\"position\":1,\"name\":\"Startseite\",\"item\":\"https:\/\/www.jdi-europe.com\/de\/\"},{\"@type\":\"ListItem\",\"position\":2,\"name\":\"Kontakt\"}]},{\"@type\":\"WebSite\",\"@id\":\"https:\/\/www.jdi-europe.com\/en\/#website\",\"url\":\"https:\/\/www.jdi-europe.com\/en\/\",\"name\":\"JDI Europe GmbH\",\"description\":\"High-end automotive displays\",\"potentialAction\":[{\"@type\":\"SearchAction\",\"target\":{\"@type\":\"EntryPoint\",\"urlTemplate\":\"https:\/\/www.jdi-europe.com\/en\/?s={search_term_string}\"},\"query-input\":{\"@type\":\"PropertyValueSpecification\",\"valueRequired\":true,\"valueName\":\"search_term_string\"}}],\"inLanguage\":\"de\"}]}<\/script>\n<!-- \/ Yoast SEO plugin. -->","yoast_head_json":{"title":"Wir sind f\u00fcr Sie da","description":"Wir bei JDI Europe haben immer ein offenes Ohr f\u00fcr Ihr Anliegen. Schreiben Sie uns und lassen Sie sich von unseren innovativen L\u00f6sungen \u00fcberraschen.","robots":{"index":"index","follow":"follow","max-snippet":"max-snippet:-1","max-image-preview":"max-image-preview:large","max-video-preview":"max-video-preview:-1"},"canonical":"https:\/\/www.jdi-europe.com\/de\/kontakt\/","og_locale":"de_DE","og_type":"article","og_title":"Wir sind f\u00fcr Sie da","og_description":"Wir bei JDI Europe haben immer ein offenes Ohr f\u00fcr Ihr Anliegen. Schreiben Sie uns und lassen Sie sich von unseren innovativen L\u00f6sungen \u00fcberraschen.","og_url":"https:\/\/www.jdi-europe.com\/de\/kontakt\/","og_site_name":"JDI Europe GmbH","article_modified_time":"2023-11-07T15:00:31+00:00","twitter_card":"summary_large_image","twitter_misc":{"Gesch\u00e4tzte Lesezeit":"1\u00a0Minute"},"schema":{"@context":"https:\/\/schema.org","@graph":[{"@type":"WebPage","@id":"https:\/\/www.jdi-europe.com\/de\/kontakt\/","url":"https:\/\/www.jdi-europe.com\/de\/kontakt\/","name":"Wir sind f\u00fcr Sie da","isPartOf":{"@id":"https:\/\/www.jdi-europe.com\/en\/#website"},"datePublished":"2017-06-22T09:48:37+00:00","dateModified":"2023-11-07T15:00:31+00:00","description":"Wir bei JDI Europe haben immer ein offenes Ohr f\u00fcr Ihr Anliegen. Schreiben Sie uns und lassen Sie sich von unseren innovativen L\u00f6sungen \u00fcberraschen.","breadcrumb":{"@id":"https:\/\/www.jdi-europe.com\/de\/kontakt\/#breadcrumb"},"inLanguage":"de","potentialAction":[{"@type":"ReadAction","target":["https:\/\/www.jdi-europe.com\/de\/kontakt\/"]}]},{"@type":"BreadcrumbList","@id":"https:\/\/www.jdi-europe.com\/de\/kontakt\/#breadcrumb","itemListElement":[{"@type":"ListItem","position":1,"name":"Startseite","item":"https:\/\/www.jdi-europe.com\/de\/"},{"@type":"ListItem","position":2,"name":"Kontakt"}]},{"@type":"WebSite","@id":"https:\/\/www.jdi-europe.com\/en\/#website","url":"https:\/\/www.jdi-europe.com\/en\/","name":"JDI Europe GmbH","description":"High-end automotive displays","potentialAction":[{"@type":"SearchAction","target":{"@type":"EntryPoint","urlTemplate":"https:\/\/www.jdi-europe.com\/en\/?s={search_term_string}"},"query-input":{"@type":"PropertyValueSpecification","valueRequired":true,"valueName":"search_term_string"}}],"inLanguage":"de"}]}},"_links":{"self":[{"href":"https:\/\/www.jdi-europe.com\/de\/wp-json\/wp\/v2\/pages\/24","targetHints":{"allow":["GET"]}}],"collection":[{"href":"https:\/\/www.jdi-europe.com\/de\/wp-json\/wp\/v2\/pages"}],"about":[{"href":"https:\/\/www.jdi-europe.com\/de\/wp-json\/wp\/v2\/types\/page"}],"author":[{"embeddable":true,"href":"https:\/\/www.jdi-europe.com\/de\/wp-json\/wp\/v2\/users\/2"}],"replies":[{"embeddable":true,"href":"https:\/\/www.jdi-europe.com\/de\/wp-json\/wp\/v2\/comments?post=24"}],"version-history":[{"count":12,"href":"https:\/\/www.jdi-europe.com\/de\/wp-json\/wp\/v2\/pages\/24\/revisions"}],"predecessor-version":[{"id":1158,"href":"https:\/\/www.jdi-europe.com\/de\/wp-json\/wp\/v2\/pages\/24\/revisions\/1158"}],"wp:attachment":[{"href":"https:\/\/www.jdi-europe.com\/de\/wp-json\/wp\/v2\/media?parent=24"}],"curies":[{"name":"wp","href":"https:\/\/api.w.org\/{rel}","templated":true}]}}