{"id":26,"date":"2017-06-22T11:49:05","date_gmt":"2017-06-22T09:49:05","guid":{"rendered":"http:\/\/www.jdi-europe.com\/?page_id=26"},"modified":"2026-04-14T16:51:12","modified_gmt":"2026-04-14T14:51:12","slug":"impressum","status":"publish","type":"page","link":"https:\/\/www.jdi-europe.com\/de\/impressum\/","title":{"rendered":"Impressum"},"content":{"rendered":"<div class=\"wpb-content-wrapper\"><p>[vc_row][vc_column][vc_custom_heading text=&#8221;Angaben gem\u00e4\u00df \u00a7 5 TMG:&#8221; use_theme_fonts=&#8221;yes&#8221;][vc_column_text css=&#8221;&#8221;]<\/p>\n<div class=\"wpb_text_column wpb_content_element \">\n<div class=\"wpb_wrapper\"><strong>JDI Europe GmbH<\/strong><br \/>\nNewton<br \/>\nRidlerst. 57<br \/>\nD-80339 M\u00fcnchen<\/div>\n<div class=\"wpb_wrapper\">+49 (0)89 1890840<\/div>\n<div data-dtype=\"d3ph\" data-ved=\"0ahUKEwi0vu2TyobWAhWLLlAKHc3yD_EQ8I0BCHwoADAO\">\n<h2><\/h2>\n<p>Gesch\u00e4ftsf\u00fchrer: Matthias Habel, Oliver Burscher, Seiichi Fukunaga, Takatoshi Tsujimura<\/p>\n<div class=\"mod\" data-md=\"1006\" data-hveid=\"123\" data-ved=\"0ahUKEwi0vu2TyobWAhWLLlAKHc3yD_EQkCkIeygDMA4\">\n<div data-dtype=\"d3ph\" data-ved=\"0ahUKEwi0vu2TyobWAhWLLlAKHc3yD_EQ8I0BCHwoADAO\"><\/div>\n<\/div>\n<\/div>\n<div data-dtype=\"d3ph\" data-ved=\"0ahUKEwi0vu2TyobWAhWLLlAKHc3yD_EQ8I0BCHwoADAO\">USt.-ID.: DE282177683<br \/>\nHandelsregister M\u00fcnchen<br \/>\nHRB 197326<\/div>\n<div data-dtype=\"d3ph\" data-ved=\"0ahUKEwi0vu2TyobWAhWLLlAKHc3yD_EQ8I0BCHwoADAO\">Sitz der Gesellschaft: M\u00fcnchen<\/div>\n<div data-dtype=\"d3ph\" data-ved=\"0ahUKEwi0vu2TyobWAhWLLlAKHc3yD_EQ8I0BCHwoADAO\">\n<h2><\/h2>\n<p><strong>Kontaktdaten des Datenschutzbeauftragten<br \/>\n<\/strong><\/p>\n<p>Thomas K\u00f6hler (externer DSB)<br \/>\nCE21 GmbH<br \/>\nBergfeldstr. 11<br \/>\nD-83607 Holzkirchen<br \/>\nGermany<\/p>\n<p>Tel. +49 89 7167211-30<br \/>\nthomas.koehler@ce21.de<\/p>\n<\/div>\n<\/div>\n<p>[\/vc_column_text][vc_column_text]<\/p>\n<h3>Haftungsausschluss (Disclaimer)<\/h3>\n<p><strong>Haftung f\u00fcr Inhalte<\/strong><br \/>\nAls Diensteanbieter sind wir gem\u00e4\u00df \u00a7 7 Abs.1 TMG f\u00fcr eigene Inhalte auf diesen Seiten nach den allgemeinen Gesetzen verantwortlich. Nach \u00a7\u00a7 8 bis 10 TMG sind wir als Diensteanbieter jedoch nicht verpflichtet, \u00fcbermittelte oder gespeicherte fremde Informationen zu \u00fcberwachen oder nach Umst\u00e4nden zu forschen, die auf eine rechtswidrige T\u00e4tigkeit hinweisen. Verpflichtungen zur Entfernung oder Sperrung der Nutzung von Informationen nach den allgemeinen Gesetzen bleiben hiervon unber\u00fchrt. Eine diesbez\u00fcgliche Haftung ist jedoch erst ab dem Zeitpunkt der Kenntnis einer konkreten Rechtsverletzung m\u00f6glich. Bei Bekanntwerden von entsprechenden Rechtsverletzungen werden wir diese Inhalte umgehend entfernen.<\/p>\n<p><strong>Haftung f\u00fcr Links<\/strong><br \/>\nUnser Angebot enth\u00e4lt Links zu externen Webseiten Dritter, auf deren Inhalte wir keinen Einfluss haben. Deshalb k\u00f6nnen wir f\u00fcr diese fremden Inhalte auch keine Gew\u00e4hr \u00fcbernehmen. F\u00fcr die Inhalte der verlinkten Seiten ist stets der jeweilige Anbieter oder Betreiber der Seiten verantwortlich. Die verlinkten Seiten wurden zum Zeitpunkt der Verlinkung auf m\u00f6gliche Rechtsverst\u00f6\u00dfe \u00fcberpr\u00fcft. Rechtswidrige Inhalte waren zum Zeitpunkt der Verlinkung nicht erkennbar. Eine permanente inhaltliche Kontrolle der verlinkten Seiten ist jedoch ohne konkrete Anhaltspunkte einer Rechtsverletzung nicht zumutbar. Bei Bekanntwerden von Rechtsverletzungen werden wir derartige Links umgehend entfernen.<\/p>\n<p><strong>Urheberrecht<\/strong><br \/>\nDie durch die Seitenbetreiber erstellten Inhalte und Werke auf diesen Seiten unterliegen dem deutschen Urheberrecht. Die Vervielf\u00e4ltigung, Bearbeitung, Verbreitung und jede Art der Verwertung au\u00dferhalb der Grenzen des Urheberrechtes bed\u00fcrfen der schriftlichen Zustimmung des jeweiligen Autors bzw. Erstellers. Downloads und Kopien dieser Seite sind nur f\u00fcr den privaten, nicht kommerziellen Gebrauch gestattet. Soweit die Inhalte auf dieser Seite nicht vom Betreiber erstellt wurden, werden die Urheberrechte Dritter beachtet. Insbesondere werden Inhalte Dritter als solche gekennzeichnet. Sollten Sie trotzdem auf eine Urheberrechtsverletzung aufmerksam werden, bitten wir um einen entsprechenden Hinweis. Bei Bekanntwerden von Rechtsverletzungen werden wir derartige Inhalte umgehend entfernen.[\/vc_column_text][\/vc_column][\/vc_row]<\/p>\n<\/div>","protected":false},"excerpt":{"rendered":"<p>[vc_row][vc_column][vc_custom_heading text=&#8221;Angaben gem\u00e4\u00df \u00a7 5 TMG:&#8221; use_theme_fonts=&#8221;yes&#8221;][vc_column_text css=&#8221;&#8221;] JDI Europe GmbH Newton Ridlerst. 57 D-80339 M\u00fcnchen +49 (0)89 1890840 Gesch\u00e4ftsf\u00fchrer: Matthias Habel, Oliver Burscher, Seiichi Fukunaga, Takatoshi Tsujimura USt.-ID.: DE282177683 Handelsregister M\u00fcnchen HRB 197326 Sitz der Gesellschaft: M\u00fcnchen Kontaktdaten des Datenschutzbeauftragten Thomas K\u00f6hler (externer DSB) CE21 GmbH Bergfeldstr. 11 D-83607 Holzkirchen Germany Tel. +49 89 [&hellip;]<\/p>\n","protected":false},"author":2,"featured_media":0,"parent":0,"menu_order":0,"comment_status":"closed","ping_status":"closed","template":"","meta":{"footnotes":""},"class_list":["post-26","page","type-page","status-publish","hentry"],"yoast_head":"<!-- This site is optimized with the Yoast SEO plugin v26.1.1 - https:\/\/yoast.com\/wordpress\/plugins\/seo\/ -->\n<title>Impressum der JDI Europe<\/title>\n<meta name=\"description\" content=\"Bei Fragen zu Inhalten oder Haftung steht Ihnen unser Impressum zur Verf\u00fcgung.\" \/>\n<meta name=\"robots\" content=\"index, follow, max-snippet:-1, max-image-preview:large, max-video-preview:-1\" \/>\n<link rel=\"canonical\" href=\"https:\/\/www.jdi-europe.com\/de\/impressum\/\" \/>\n<meta property=\"og:locale\" content=\"de_DE\" \/>\n<meta property=\"og:type\" content=\"article\" \/>\n<meta property=\"og:title\" content=\"Impressum der JDI Europe\" \/>\n<meta property=\"og:description\" content=\"Bei Fragen zu Inhalten oder Haftung steht Ihnen unser Impressum zur Verf\u00fcgung.\" \/>\n<meta property=\"og:url\" content=\"https:\/\/www.jdi-europe.com\/de\/impressum\/\" \/>\n<meta property=\"og:site_name\" content=\"JDI Europe GmbH\" \/>\n<meta property=\"article:modified_time\" content=\"2026-04-14T14:51:12+00:00\" \/>\n<meta name=\"twitter:card\" content=\"summary_large_image\" \/>\n<meta name=\"twitter:label1\" content=\"Gesch\u00e4tzte Lesezeit\" \/>\n\t<meta name=\"twitter:data1\" content=\"2\u00a0Minuten\" \/>\n<script type=\"application\/ld+json\" class=\"yoast-schema-graph\">{\"@context\":\"https:\/\/schema.org\",\"@graph\":[{\"@type\":\"WebPage\",\"@id\":\"https:\/\/www.jdi-europe.com\/de\/impressum\/\",\"url\":\"https:\/\/www.jdi-europe.com\/de\/impressum\/\",\"name\":\"Impressum der JDI Europe\",\"isPartOf\":{\"@id\":\"https:\/\/www.jdi-europe.com\/en\/#website\"},\"datePublished\":\"2017-06-22T09:49:05+00:00\",\"dateModified\":\"2026-04-14T14:51:12+00:00\",\"description\":\"Bei Fragen zu Inhalten oder Haftung steht Ihnen unser Impressum zur Verf\u00fcgung.\",\"breadcrumb\":{\"@id\":\"https:\/\/www.jdi-europe.com\/de\/impressum\/#breadcrumb\"},\"inLanguage\":\"de\",\"potentialAction\":[{\"@type\":\"ReadAction\",\"target\":[\"https:\/\/www.jdi-europe.com\/de\/impressum\/\"]}]},{\"@type\":\"BreadcrumbList\",\"@id\":\"https:\/\/www.jdi-europe.com\/de\/impressum\/#breadcrumb\",\"itemListElement\":[{\"@type\":\"ListItem\",\"position\":1,\"name\":\"Startseite\",\"item\":\"https:\/\/www.jdi-europe.com\/de\/\"},{\"@type\":\"ListItem\",\"position\":2,\"name\":\"Impressum\"}]},{\"@type\":\"WebSite\",\"@id\":\"https:\/\/www.jdi-europe.com\/en\/#website\",\"url\":\"https:\/\/www.jdi-europe.com\/en\/\",\"name\":\"JDI Europe GmbH\",\"description\":\"High-end automotive displays\",\"potentialAction\":[{\"@type\":\"SearchAction\",\"target\":{\"@type\":\"EntryPoint\",\"urlTemplate\":\"https:\/\/www.jdi-europe.com\/en\/?s={search_term_string}\"},\"query-input\":{\"@type\":\"PropertyValueSpecification\",\"valueRequired\":true,\"valueName\":\"search_term_string\"}}],\"inLanguage\":\"de\"}]}<\/script>\n<!-- \/ Yoast SEO plugin. -->","yoast_head_json":{"title":"Impressum der JDI Europe","description":"Bei Fragen zu Inhalten oder Haftung steht Ihnen unser Impressum zur Verf\u00fcgung.","robots":{"index":"index","follow":"follow","max-snippet":"max-snippet:-1","max-image-preview":"max-image-preview:large","max-video-preview":"max-video-preview:-1"},"canonical":"https:\/\/www.jdi-europe.com\/de\/impressum\/","og_locale":"de_DE","og_type":"article","og_title":"Impressum der JDI Europe","og_description":"Bei Fragen zu Inhalten oder Haftung steht Ihnen unser Impressum zur Verf\u00fcgung.","og_url":"https:\/\/www.jdi-europe.com\/de\/impressum\/","og_site_name":"JDI Europe GmbH","article_modified_time":"2026-04-14T14:51:12+00:00","twitter_card":"summary_large_image","twitter_misc":{"Gesch\u00e4tzte Lesezeit":"2\u00a0Minuten"},"schema":{"@context":"https:\/\/schema.org","@graph":[{"@type":"WebPage","@id":"https:\/\/www.jdi-europe.com\/de\/impressum\/","url":"https:\/\/www.jdi-europe.com\/de\/impressum\/","name":"Impressum der JDI Europe","isPartOf":{"@id":"https:\/\/www.jdi-europe.com\/en\/#website"},"datePublished":"2017-06-22T09:49:05+00:00","dateModified":"2026-04-14T14:51:12+00:00","description":"Bei Fragen zu Inhalten oder Haftung steht Ihnen unser Impressum zur Verf\u00fcgung.","breadcrumb":{"@id":"https:\/\/www.jdi-europe.com\/de\/impressum\/#breadcrumb"},"inLanguage":"de","potentialAction":[{"@type":"ReadAction","target":["https:\/\/www.jdi-europe.com\/de\/impressum\/"]}]},{"@type":"BreadcrumbList","@id":"https:\/\/www.jdi-europe.com\/de\/impressum\/#breadcrumb","itemListElement":[{"@type":"ListItem","position":1,"name":"Startseite","item":"https:\/\/www.jdi-europe.com\/de\/"},{"@type":"ListItem","position":2,"name":"Impressum"}]},{"@type":"WebSite","@id":"https:\/\/www.jdi-europe.com\/en\/#website","url":"https:\/\/www.jdi-europe.com\/en\/","name":"JDI Europe GmbH","description":"High-end automotive displays","potentialAction":[{"@type":"SearchAction","target":{"@type":"EntryPoint","urlTemplate":"https:\/\/www.jdi-europe.com\/en\/?s={search_term_string}"},"query-input":{"@type":"PropertyValueSpecification","valueRequired":true,"valueName":"search_term_string"}}],"inLanguage":"de"}]}},"_links":{"self":[{"href":"https:\/\/www.jdi-europe.com\/de\/wp-json\/wp\/v2\/pages\/26","targetHints":{"allow":["GET"]}}],"collection":[{"href":"https:\/\/www.jdi-europe.com\/de\/wp-json\/wp\/v2\/pages"}],"about":[{"href":"https:\/\/www.jdi-europe.com\/de\/wp-json\/wp\/v2\/types\/page"}],"author":[{"embeddable":true,"href":"https:\/\/www.jdi-europe.com\/de\/wp-json\/wp\/v2\/users\/2"}],"replies":[{"embeddable":true,"href":"https:\/\/www.jdi-europe.com\/de\/wp-json\/wp\/v2\/comments?post=26"}],"version-history":[{"count":19,"href":"https:\/\/www.jdi-europe.com\/de\/wp-json\/wp\/v2\/pages\/26\/revisions"}],"predecessor-version":[{"id":1408,"href":"https:\/\/www.jdi-europe.com\/de\/wp-json\/wp\/v2\/pages\/26\/revisions\/1408"}],"wp:attachment":[{"href":"https:\/\/www.jdi-europe.com\/de\/wp-json\/wp\/v2\/media?parent=26"}],"curies":[{"name":"wp","href":"https:\/\/api.w.org\/{rel}","templated":true}]}}