{"id":28,"date":"2017-06-22T11:49:25","date_gmt":"2017-06-22T09:49:25","guid":{"rendered":"http:\/\/www.jdi-europe.com\/?page_id=28"},"modified":"2026-04-14T16:50:02","modified_gmt":"2026-04-14T14:50:02","slug":"datenschutz","status":"publish","type":"page","link":"https:\/\/www.jdi-europe.com\/de\/datenschutz\/","title":{"rendered":"Datenschutz"},"content":{"rendered":"<div class=\"wpb-content-wrapper\"><p>[vc_row][vc_column][vc_column_text css=&#8221;&#8221;]<\/p>\n<div class=\"vc_row_outer\">\n<div class=\"vc_row wpb_row vc_row-fluid\">\n<div class=\"wpb_column vc_column_container vc_col-sm-12\">\n<div class=\"vc_column-inner expanded \">\n<h2 class=\"wpb_wrapper\">Datenschutzerkl\u00e4rung<\/h2>\n<\/div>\n<\/div>\n<\/div>\n<\/div>\n<div class=\"vc_row_outer\">\n<p>Die Betreiber dieser Seiten nehmen den Schutz Ihrer pers\u00f6nlichen Daten sehr ernst. Wir behandeln Ihre personenbezogenen Daten vertraulich und entsprechend der gesetzlichen Datenschutzvorschriften sowie dieser Datenschutzerkl\u00e4rung.<\/p>\n<p>Der Umgang mit Ihren personenbezogenen Daten soll f\u00fcr Sie stets nachvollziehbar und transparent sein. In dieser Datenschutzerkl\u00e4rung informieren wir Sie dar\u00fcber, welche Daten wir von Ihnen auf welcher Rechtsgrundlage erheben, zu welchen Zwecken wir diese verwenden und an welche Empf\u00e4nger wir diese weitergeben.<\/p>\n<p>&nbsp;<\/p>\n<p><strong>Informationspflicht bei der Erhebung personenbezogener Daten gem. Art. 13 Europ\u00e4ischen Datenschutz-Grundverordnung (EU DS-GVO )<\/strong><\/p>\n<p>Im Folgenden informieren wir Sie gem. Art. 13 EU DS-GVO, wie wir rechtskonform Ihre personenbezogenen Daten erheben und verarbeiten.<\/p>\n<p>&nbsp;<\/p>\n<p><strong>Verarbeitung personenbezogener Daten<\/strong><\/p>\n<p>Die Nutzung unserer Webseite ist in der Regel ohne Angabe personenbezogener Daten m\u00f6glich. Personenbezogene Daten werden nur in unserem Kontaktformular erhoben. Hier verarbeiten wir Ihren Namen und Ihre E-Mail-Adresse zu dem Zweck, Ihr Anliegen zu bearbeiten oder Ihre Anfrage zu beantworten.<br \/>\nDiese Daten teilen Sie uns auf freiwilliger Basis mit.<br \/>\nWenn wir bei der technischen Durchf\u00fchrung der Datenverarbeitung externe Dienstleister besch\u00e4ftigen, handeln diese ausschlie\u00dflich auf unsere Anweisung und nach unseren Vorgaben, die \u00fcber einen Vertrag zur Auftragsdatenverarbeitung (ADV) vorgegeben werden (Art. 28 EU DS-GVO).<\/p>\n<p>&nbsp;<\/p>\n<p><strong>Rechtsgrundlage der Datenverarbeitung<\/strong><\/p>\n<p>Die Rechtsgrundlage f\u00fcr die Verarbeitung von personenbezogenen Daten ist bei Rechtsgesch\u00e4ften (Vertr\u00e4gen und Vertragsanbahnungen Art. 6 Abs. 1 lit.b) EU DS-GVO.<br \/>\nRechtsgrundlage f\u00fcr die Verarbeitung Ihrer personenbezogenen Daten in unserem Kontaktformular, ist Art. 6 Abs. 1 S. 1 lit. f) EU DSG-VO. Wenn Sie uns \u00fcber unser Kontaktformular anschreiben, ist es unser berechtigtes Interesse, Ihren Namen und Ihre E-Mail-Adresse zu verarbeiten, um Sie gem\u00e4\u00df Ihrer Anfrage oder Ihrem Anliegen informieren zu k\u00f6nnen.<\/p>\n<p>&nbsp;<\/p>\n<p><strong>Dauer der Speicherung und Weitergabe Ihrer personenbezogenen Daten<\/strong><\/p>\n<p>Ihre personenbezogenen Daten werden gel\u00f6scht, wenn sie f\u00fcr die Zwecke, f\u00fcr die sie erhoben oder auf sonstige Weise verarbeitet wurden, nicht mehr ben\u00f6tigt werden (Art. 17 Abs. 1 lit. a) EU DSG-VO). Selbstverst\u00e4ndlich haben Sie das Recht, dass alle Daten, die wir von Ihnen verarbeitet haben, auch auf Ihren Wunsch hin gel\u00f6scht werden, sofern keine gesetzliche Aufbewahrungsfrist besteht.<\/p>\n<p>Ihre personenbezogenen Daten werden ohne Ihre ausdr\u00fcckliche Zustimmung nicht an Dritte weitergegeben. Sie werden auch nicht im Rahmen von automatisierter Entscheidungsfindung \u201eProfiling\u201c eingesetzt.<\/p>\n<p>Die von uns erhobenen personenbezogenen Daten werden ausschlie\u00dflich innerhalb der Europ\u00e4ischen Union verarbeitet. Eine Weitergabe der Daten an Drittl\u00e4nder ist nur mit einer <u>ausdr\u00fccklichen Einwilligungserkl\u00e4rung<\/u> des Betroffenen m\u00f6glich.<\/p>\n<p>&nbsp;<\/p>\n<p><strong>Bewerbungsdaten<\/strong><\/p>\n<p>Bewerbende bei der JDI Europe GmbH k\u00f6nnen sich \u00fcber eine Emailadresse bewerben. \u00dcbersendete Bewerbungsdaten gehen direkt an die Personalabteilung. Je nach Qualifikation werden Sie an Abteilungsleiter weitergegeben. Kommt kein Besch\u00e4ftigungsverh\u00e4ltnis zustande werden elektronische Unterlagen unmittelbar gel\u00f6scht. Papierunterlagen werden dem Bewerbenden zur\u00fcckgesandt.<br \/>\nSenden Sie uns vertrauliche Informationen nur in verschl\u00fcsselter Form zu, damit die datenschutzrechtlichen Vorgaben eigehalten werden.<\/p>\n<p>&nbsp;<\/p>\n<p><strong>Name und Kontaktdaten des Verantwortlichen <\/strong><\/p>\n<p>JDI Europe GmbH<br \/>\nNewton<br \/>\nRidlerstra\u00dfe 57<br \/>\nD-80339 M\u00fcnchen<\/p>\n<p>+49 (0)89 1890840<\/p>\n<p>Gesch\u00e4ftsf\u00fchrer: Matthias Habel, Oliver Burscher, Seiichi Fukunaga, Takatoshi Tsujimura<\/p>\n<p>&nbsp;<\/p>\n<p><strong>Kontaktdaten des Datenschutzbeauftragten<\/strong><\/p>\n<p>Thomas K\u00f6hler (externer DSB)<br \/>\nCE21 GmbH<br \/>\nBergfeldstr. 11<br \/>\nD-83607 Holzkirchen<br \/>\nGermany<\/p>\n<p>Tel. +49 89 7167211-30<br \/>\nthomas.koehler@ce21.de<\/p>\n<p><strong>Ihre Rechte bzgl. Ihrer durch uns verarbeiteten personenbezogenen Daten<\/strong><\/p>\n<p>Sie erhalten bei uns jederzeit Auskunft \u00fcber Ihre gespeicherten Daten (Art. 15 EU DS-GVO). Wenn Ihre Daten unrichtig sind oder rechtswidrig erhoben wurden, haben Sie das Recht auf Berichtigung oder L\u00f6schung (Art. 16, 17 EU DS-GVO) sowie auf Einschr\u00e4nkung der Verarbeitung (Art. 18 EU DSG-VO). Au\u00dferdem haben Sie das Recht auf Daten\u00fcbertragbarkeit (Art. 20 EU DSG-VO) sowie auf Widerspruch (Art. 21 EU DSG-VO).<\/p>\n<p>&nbsp;<\/p>\n<p><strong>Beschwerderecht bei der zust\u00e4ndigen Aufsichtsbeh\u00f6rde<\/strong><\/p>\n<p>Sie haben unbeschadet eines anderweitigen Rechtsbehelfs das Recht auf Beschwerde bei einer Aufsichtsbeh\u00f6rde, falls Sie der Ansicht sein sollten, dass die Verarbeitung der sie betreffenden personenbezogenen Daten gegen die gesetzlichen Vorgaben verst\u00f6\u00dft. Die zust\u00e4ndige Aufsichtsbeh\u00f6rde f\u00fcr den Sitz der JDI Europe GmbH ist:<\/p>\n<p>Der Bayerische Landesbeauftragte f\u00fcr den Datenschutz<br \/>\nPostfach 22 12 19, 80502 M\u00fcnchen<br \/>\nBesucheranschrift: Wagm\u00fcllerstra\u00dfe 18, 80538 M\u00fcnchen<br \/>\nTelefon: 089 212672-0<br \/>\nE-Mail: poststelle@datenschutz-bayern.de<\/p>\n<p>&nbsp;<\/p>\n<p><strong>E-Mail-Sicherheit<\/strong><\/p>\n<p>Wir weisen darauf hin, dass die Daten\u00fcbertragung im Internet (z.B. bei der Kommunikation per E-Mail) Sicherheitsl\u00fccken aufweisen kann. Ein l\u00fcckenloser Schutz der Daten vor dem Zugriff durch Dritte ist nicht m\u00f6glich.<\/p>\n<p>&nbsp;<\/p>\n<p><strong>Links<\/strong><\/p>\n<p>Unsere Website enth\u00e4lt Links zu anderen Websites. Wir haben keinen Einfluss auf deren Inhalte und darauf, dass deren Betreiber die Datenschutzbestimmungen einhalten.<\/p>\n<p>&nbsp;<\/p>\n<\/div>\n<div class=\"vc_row_outer\">\n<p><strong>Cookies<\/strong><\/p>\n<p>unsere Internetseiten verwenden so genannte \u201eCookies\u201c. Cookies sind kleine Textdateien und richten auf Ihrem Endger\u00e4t keinen Schaden an. Sie werden entweder vor\u00fcbergehend f\u00fcr die Dauer einer Sitzung (Session-Cookies) oder dauerhaft (permanente Cookies) auf Ihrem Endger\u00e4t gespeichert. Session-Cookies werden nach Ende Ihres Besuchs automatisch gel\u00f6scht. Permanente Cookies bleiben auf Ihrem Endger\u00e4t gespeichert, bis Sie diese selbst l\u00f6schen oder eine automatische L\u00f6schung durch Ihren Webbrowser erfolgt.<\/p>\n<p>Teilweise k\u00f6nnen auch Cookies von Drittunternehmen auf Ihrem Endger\u00e4t gespeichert werden, wenn Sie unsere Seite betreten (Third-Party-Cookies). Diese erm\u00f6glichen uns oder Ihnen die Nutzung bestimmter Dienstleistungen des Drittunternehmens (z. B. Cookies zur Abwicklung von Zahlungsdienstleistungen).<\/p>\n<p>Cookies haben verschiedene Funktionen. Zahlreiche Cookies sind technisch notwendig, da bestimmte Websitefunktionen ohne diese nicht funktionieren w\u00fcrden (z. B. die Warenkorbfunktion oder die Anzeige von Videos). Andere Cookies dienen dazu, das Nutzerverhalten auszuwerten oder Werbung anzuzeigen.<\/p>\n<p>Cookies, die zur Durchf\u00fchrung des elektronischen Kommunikationsvorgangs, zur Bereitstellung bestimmter, von Ihnen erw\u00fcnschter Funktionen (z. B. f\u00fcr die Warenkorbfunktion) oder zur Optimierung der Website (z. B. Cookies zur Messung des Webpublikums) erforderlich sind (notwendige Cookies), werden auf Grundlage von Art. 6 Abs. 1 lit. f DSGVO gespeichert, sofern keine andere Rechtsgrundlage angegeben wird. Der Websitebetreiber hat ein berechtigtes Interesse an der Speicherung von notwendigen Cookies zur technisch fehlerfreien und optimierten Bereitstellung seiner Dienste. Sofern eine Einwilligung zur Speicherung von Cookies und vergleichbaren Wiedererkennungstechnologien abgefragt wurde, erfolgt die Verarbeitung ausschlie\u00dflich auf Grundlage dieser Einwilligung (Art. 6 Abs. 1 lit. a DSGVO und \u00a7 25 Abs. 1 TTDSG); die Einwilligung ist jederzeit widerrufbar.<\/p>\n<p>Sie k\u00f6nnen Ihren Browser so einstellen, dass Sie \u00fcber das Setzen von Cookies informiert werden und Cookies nur im Einzelfall erlauben, die Annahme von Cookies f\u00fcr bestimmte F\u00e4lle oder generell ausschlie\u00dfen sowie das automatische L\u00f6schen der Cookies beim Schlie\u00dfen des Browsers aktivieren. Bei der Deaktivierung von Cookies kann die Funktionalit\u00e4t dieser Website eingeschr\u00e4nkt sein.<\/p>\n<p>Soweit Cookies von Drittunternehmen oder zu Analysezwecken eingesetzt werden, werden wir Sie hier\u00fcber im Rahmen dieser Datenschutzerkl\u00e4rung gesondert informieren und ggf. eine Einwilligung abfragen.<\/p>\n<p>&nbsp;<\/p>\n<p><strong>Widerspruch Werbe-Mails<\/strong><\/p>\n<p>Der Nutzung von im Rahmen der Impressumspflicht ver\u00f6ffentlichten Kontaktdaten zur \u00dcbersendung von nicht ausdr\u00fccklich angeforderter Werbung und Informationsmaterialien wird hiermit widersprochen. Die Betreiber der Seiten behalten sich ausdr\u00fccklich rechtliche Schritte im Falle der unverlangten Zusendung von Werbeinformationen, etwa durch Spam-E-Mails, vor.<\/p>\n<p>&nbsp;<\/p>\n<\/div>\n<p><strong>Complianz B.V.<\/strong><\/p>\n<p>Wir nutzen f\u00fcr den datenschutzkonformen Betrieb unserer Webseite den externen Consent Manager von Complianz B.V., Kalmarweg 14-5, 9723 JG Groningen, Niederlande. Personenbezogene Daten, die die Complianz B.V. erhebt, werden ausschlie\u00dflich verarbeitet, um Ihnen das Einwilligungsbanner zu liefern, und keine dieser Daten werden nach der Verarbeitung gespeichert. Dazu haben wir mit dem Dienstleister Usercentrics A\/S einen AV-Vertrag gem.\u00a0 Art. 28 DSGVO geschlossen.<\/p>\n<p>Die Datenverarbeitung erfolgt zu dem Zweck, die Webseite datenschutzkonform zu betreiben. Hierzu werden auch Daten wie IP-Adressen, Zugriffsdaten und Logfiles verarbeitet.<\/p>\n<p>Die Datenverarbeitung erfolgt auf Grundlage unserer berechtigten Interessen gem. Art. 6 Abs. 1 lit. f DSGVO, n\u00e4mlich dem sicheren Betrieb der Webseite und der Verf\u00fcgbarkeit der Dienste.<\/p>\n<p>Der Dienst kann im Rahmen der Bereitstellung der Consent Management-Dienste folgende personenbezogene Daten verarbeiten:<\/p>\n<p>IP-Adressen, Zugriffsdaten, Logdateien (z. B. Datum und Uhrzeit des Zugriffs, aufgerufene Seiten), Browserdaten (z. B. verwendeter Browser, Betriebssystem)<\/p>\n<p>Der Dienstleister hat entsprechende technische und organisatorische Ma\u00dfnahmen zum Schutz Ihrer personenbezogenen Daten implementiert, einschlie\u00dflich der Verschl\u00fcsselung der Daten\u00fcbertragung.<\/p>\n<div class=\"vc_row_outer\">\n<p>&nbsp;<\/p>\n<\/div>\n<p>[\/vc_column_text][\/vc_column][\/vc_row]<\/p>\n<\/div>","protected":false},"excerpt":{"rendered":"<p>[vc_row][vc_column][vc_column_text css=&#8221;&#8221;] Datenschutzerkl\u00e4rung Die Betreiber dieser Seiten nehmen den Schutz Ihrer pers\u00f6nlichen Daten sehr ernst. Wir behandeln Ihre personenbezogenen Daten vertraulich und entsprechend der gesetzlichen Datenschutzvorschriften sowie dieser Datenschutzerkl\u00e4rung. Der Umgang mit Ihren personenbezogenen Daten soll f\u00fcr Sie stets nachvollziehbar und transparent sein. In dieser Datenschutzerkl\u00e4rung informieren wir Sie dar\u00fcber, welche Daten wir von Ihnen [&hellip;]<\/p>\n","protected":false},"author":2,"featured_media":0,"parent":0,"menu_order":0,"comment_status":"closed","ping_status":"closed","template":"","meta":{"footnotes":""},"class_list":["post-28","page","type-page","status-publish","hentry"],"yoast_head":"<!-- This site is optimized with the Yoast SEO plugin v26.1.1 - https:\/\/yoast.com\/wordpress\/plugins\/seo\/ -->\n<title>Wir sch\u00fctzen Ihre Daten<\/title>\n<meta name=\"description\" content=\"Der Schutz Ihrer Daten liegt uns am Herzen. Informationen \u00fcber die Nutzung Ihrer Daten erhalten Sie hier.\" \/>\n<meta name=\"robots\" content=\"index, follow, max-snippet:-1, max-image-preview:large, max-video-preview:-1\" \/>\n<link rel=\"canonical\" href=\"https:\/\/www.jdi-europe.com\/de\/datenschutz\/\" \/>\n<meta property=\"og:locale\" content=\"de_DE\" \/>\n<meta property=\"og:type\" content=\"article\" \/>\n<meta property=\"og:title\" content=\"Wir sch\u00fctzen Ihre Daten\" \/>\n<meta property=\"og:description\" content=\"Der Schutz Ihrer Daten liegt uns am Herzen. Informationen \u00fcber die Nutzung Ihrer Daten erhalten Sie hier.\" \/>\n<meta property=\"og:url\" content=\"https:\/\/www.jdi-europe.com\/de\/datenschutz\/\" \/>\n<meta property=\"og:site_name\" content=\"JDI Europe GmbH\" \/>\n<meta property=\"article:modified_time\" content=\"2026-04-14T14:50:02+00:00\" \/>\n<meta name=\"twitter:card\" content=\"summary_large_image\" \/>\n<meta name=\"twitter:label1\" content=\"Gesch\u00e4tzte Lesezeit\" \/>\n\t<meta name=\"twitter:data1\" content=\"6\u00a0Minuten\" \/>\n<script type=\"application\/ld+json\" class=\"yoast-schema-graph\">{\"@context\":\"https:\/\/schema.org\",\"@graph\":[{\"@type\":\"WebPage\",\"@id\":\"https:\/\/www.jdi-europe.com\/de\/datenschutz\/\",\"url\":\"https:\/\/www.jdi-europe.com\/de\/datenschutz\/\",\"name\":\"Wir sch\u00fctzen Ihre Daten\",\"isPartOf\":{\"@id\":\"https:\/\/www.jdi-europe.com\/en\/#website\"},\"datePublished\":\"2017-06-22T09:49:25+00:00\",\"dateModified\":\"2026-04-14T14:50:02+00:00\",\"description\":\"Der Schutz Ihrer Daten liegt uns am Herzen. Informationen \u00fcber die Nutzung Ihrer Daten erhalten Sie hier.\",\"breadcrumb\":{\"@id\":\"https:\/\/www.jdi-europe.com\/de\/datenschutz\/#breadcrumb\"},\"inLanguage\":\"de\",\"potentialAction\":[{\"@type\":\"ReadAction\",\"target\":[\"https:\/\/www.jdi-europe.com\/de\/datenschutz\/\"]}]},{\"@type\":\"BreadcrumbList\",\"@id\":\"https:\/\/www.jdi-europe.com\/de\/datenschutz\/#breadcrumb\",\"itemListElement\":[{\"@type\":\"ListItem\",\"position\":1,\"name\":\"Startseite\",\"item\":\"https:\/\/www.jdi-europe.com\/de\/\"},{\"@type\":\"ListItem\",\"position\":2,\"name\":\"Datenschutz\"}]},{\"@type\":\"WebSite\",\"@id\":\"https:\/\/www.jdi-europe.com\/en\/#website\",\"url\":\"https:\/\/www.jdi-europe.com\/en\/\",\"name\":\"JDI Europe GmbH\",\"description\":\"High-end automotive displays\",\"potentialAction\":[{\"@type\":\"SearchAction\",\"target\":{\"@type\":\"EntryPoint\",\"urlTemplate\":\"https:\/\/www.jdi-europe.com\/en\/?s={search_term_string}\"},\"query-input\":{\"@type\":\"PropertyValueSpecification\",\"valueRequired\":true,\"valueName\":\"search_term_string\"}}],\"inLanguage\":\"de\"}]}<\/script>\n<!-- \/ Yoast SEO plugin. -->","yoast_head_json":{"title":"Wir sch\u00fctzen Ihre Daten","description":"Der Schutz Ihrer Daten liegt uns am Herzen. Informationen \u00fcber die Nutzung Ihrer Daten erhalten Sie hier.","robots":{"index":"index","follow":"follow","max-snippet":"max-snippet:-1","max-image-preview":"max-image-preview:large","max-video-preview":"max-video-preview:-1"},"canonical":"https:\/\/www.jdi-europe.com\/de\/datenschutz\/","og_locale":"de_DE","og_type":"article","og_title":"Wir sch\u00fctzen Ihre Daten","og_description":"Der Schutz Ihrer Daten liegt uns am Herzen. Informationen \u00fcber die Nutzung Ihrer Daten erhalten Sie hier.","og_url":"https:\/\/www.jdi-europe.com\/de\/datenschutz\/","og_site_name":"JDI Europe GmbH","article_modified_time":"2026-04-14T14:50:02+00:00","twitter_card":"summary_large_image","twitter_misc":{"Gesch\u00e4tzte Lesezeit":"6\u00a0Minuten"},"schema":{"@context":"https:\/\/schema.org","@graph":[{"@type":"WebPage","@id":"https:\/\/www.jdi-europe.com\/de\/datenschutz\/","url":"https:\/\/www.jdi-europe.com\/de\/datenschutz\/","name":"Wir sch\u00fctzen Ihre Daten","isPartOf":{"@id":"https:\/\/www.jdi-europe.com\/en\/#website"},"datePublished":"2017-06-22T09:49:25+00:00","dateModified":"2026-04-14T14:50:02+00:00","description":"Der Schutz Ihrer Daten liegt uns am Herzen. Informationen \u00fcber die Nutzung Ihrer Daten erhalten Sie hier.","breadcrumb":{"@id":"https:\/\/www.jdi-europe.com\/de\/datenschutz\/#breadcrumb"},"inLanguage":"de","potentialAction":[{"@type":"ReadAction","target":["https:\/\/www.jdi-europe.com\/de\/datenschutz\/"]}]},{"@type":"BreadcrumbList","@id":"https:\/\/www.jdi-europe.com\/de\/datenschutz\/#breadcrumb","itemListElement":[{"@type":"ListItem","position":1,"name":"Startseite","item":"https:\/\/www.jdi-europe.com\/de\/"},{"@type":"ListItem","position":2,"name":"Datenschutz"}]},{"@type":"WebSite","@id":"https:\/\/www.jdi-europe.com\/en\/#website","url":"https:\/\/www.jdi-europe.com\/en\/","name":"JDI Europe GmbH","description":"High-end automotive displays","potentialAction":[{"@type":"SearchAction","target":{"@type":"EntryPoint","urlTemplate":"https:\/\/www.jdi-europe.com\/en\/?s={search_term_string}"},"query-input":{"@type":"PropertyValueSpecification","valueRequired":true,"valueName":"search_term_string"}}],"inLanguage":"de"}]}},"_links":{"self":[{"href":"https:\/\/www.jdi-europe.com\/de\/wp-json\/wp\/v2\/pages\/28","targetHints":{"allow":["GET"]}}],"collection":[{"href":"https:\/\/www.jdi-europe.com\/de\/wp-json\/wp\/v2\/pages"}],"about":[{"href":"https:\/\/www.jdi-europe.com\/de\/wp-json\/wp\/v2\/types\/page"}],"author":[{"embeddable":true,"href":"https:\/\/www.jdi-europe.com\/de\/wp-json\/wp\/v2\/users\/2"}],"replies":[{"embeddable":true,"href":"https:\/\/www.jdi-europe.com\/de\/wp-json\/wp\/v2\/comments?post=28"}],"version-history":[{"count":19,"href":"https:\/\/www.jdi-europe.com\/de\/wp-json\/wp\/v2\/pages\/28\/revisions"}],"predecessor-version":[{"id":1407,"href":"https:\/\/www.jdi-europe.com\/de\/wp-json\/wp\/v2\/pages\/28\/revisions\/1407"}],"wp:attachment":[{"href":"https:\/\/www.jdi-europe.com\/de\/wp-json\/wp\/v2\/media?parent=28"}],"curies":[{"name":"wp","href":"https:\/\/api.w.org\/{rel}","templated":true}]}}